{"id":1531,"date":"2021-08-17T13:29:40","date_gmt":"2021-08-17T13:29:40","guid":{"rendered":"https:\/\/thomaswillems.de\/wordpress\/?page_id=1531"},"modified":"2021-08-19T13:51:12","modified_gmt":"2021-08-19T13:51:12","slug":"reifen","status":"publish","type":"page","link":"https:\/\/thomaswillems.de\/moto\/?page_id=1531","title":{"rendered":"Reifen"},"content":{"rendered":"\n<p>eine echte Glaubensfrage. Ich glaube die\u00a0<strong>f\u00fcr mich<\/strong>\u00a0Besten, waren bisher die A40 von Bridgestone, die mir vom Fahrgef\u00fchl, Grip und Laufleistung gut gefallen haben. Und nat\u00fcrlich die Conti TrailAttack3 die mein absoluter Favorit sind. Sofort nach dem Aufziehen des ersten Satz ein tolles und sicheres Fahrgef\u00fchl. Laufleistung ist ebenfalls gut, den Satz 2020 hab ich gewechselt f\u00fcr eine Alpentour, so 1-2000 km w\u00e4ren noch drin gewesen. Auch im Regen, was ich leider in den Alpen 2020 testen konnte, absolut vertrauenserweckend.<\/p>\n\n\n\n<p>Die Ausfl\u00fcge zu den eher \u201ekleinen\u201c Namen Avon und Mitas waren dagegen nicht so toll.Der Avon war nach 7000km mit sich abl\u00f6sender Lauffl\u00e4che fertig. Zu fahren war er gut und bei 5000km auch noch OK vom Profil her. Dass er aber innerhalb von 2000 weiteren km sich quasi aufl\u00f6st, fand ich nicht so toll. Immerhin hab ich von Avon 50,- Erstattung erhalten. Die Mitas mussten nach 8000km runter mit stark ungleichm\u00e4ssigem Verschleiss, extremem S\u00e4gezahn und unsch\u00f6nen Fahrverhalten innerhalb der letzten 1000 km \u2013 also eigentlich waren die 5000 gut, 2000 solala 1000 unsch\u00f6n.<\/p>\n\n\n\n<figure class=\"wp-block-table\"><table><tbody><tr><td><strong>Jahr<\/strong><\/td><td><strong>Hersteller<\/strong><\/td><td><strong>Modell<\/strong><\/td><td><strong>Kilometer von \u2013 bis<\/strong><\/td><td><strong>Note<\/strong><\/td><\/tr><tr><td>2014<\/td><td>Bridgestone<\/td><td>BW502<\/td><td>0 \u2013 10000<\/td><td>4<\/td><\/tr><tr><td>2015<\/td><td>Bridgestone<\/td><td>A40F<\/td><td>10-22000<\/td><td>2<\/td><\/tr><tr><td>2016<\/td><td>Bridgestone<\/td><td>A40F<\/td><td>22-32000<\/td><td>2<\/td><\/tr><tr><td>2017<\/td><td>Avon<\/td><td>Trailrider<\/td><td>32-39000<\/td><td>3<\/td><\/tr><tr><td>2018<\/td><td>Pirelli<\/td><td>ScorpionTrail2<\/td><td>39-49000<\/td><td>2<\/td><\/tr><tr><td>2019<\/td><td>Mitas<\/td><td>TerraForce R<\/td><td>49-57000<\/td><td>3<\/td><\/tr><tr><td>2020<\/td><td>Continental<\/td><td>TrailAttack3<\/td><td>57-67000<\/td><td>1<\/td><\/tr><tr><td>2021<\/td><td>Continental<\/td><td>TrailAttack3<\/td><td>67-<\/td><td>1<\/td><\/tr><\/tbody><\/table><\/figure>\n\n\n\n<p>Reifen ist jetzt kein so grosses Thema f\u00fcr mich, daher ist die Dokumentation auch nicht super genau, aber hilft mir zu erinnern was ich nicht mehr drauf haben m\u00f6chte.<\/p>\n\n\n\n<figure class=\"wp-block-image size-large is-resized\"><img loading=\"lazy\" decoding=\"async\" src=\"https:\/\/thomaswillems.de\/moto\/wp-content\/uploads\/2021\/08\/IMG_20180722_203222-768x1024.jpg\" alt=\"\" class=\"wp-image-1558\" width=\"244\" height=\"325\" srcset=\"https:\/\/thomaswillems.de\/moto\/wp-content\/uploads\/2021\/08\/IMG_20180722_203222-768x1023.jpg 768w, https:\/\/thomaswillems.de\/moto\/wp-content\/uploads\/2021\/08\/IMG_20180722_203222-225x300.jpg 225w, https:\/\/thomaswillems.de\/moto\/wp-content\/uploads\/2021\/08\/IMG_20180722_203222.jpg 878w\" sizes=\"(max-width: 244px) 100vw, 244px\" \/><figcaption>Avon Trailrider nach 7.000 km                                                                                                            <\/figcaption><\/figure>\n\n\n\n<figure class=\"wp-block-image size-large is-resized\"><img loading=\"lazy\" decoding=\"async\" src=\"https:\/\/thomaswillems.de\/moto\/wp-content\/uploads\/2021\/08\/IMG_20200623_172558-768x1024.jpg\" alt=\"\" class=\"wp-image-1559\" width=\"245\" height=\"326\" srcset=\"https:\/\/thomaswillems.de\/moto\/wp-content\/uploads\/2021\/08\/IMG_20200623_172558-768x1023.jpg 768w, https:\/\/thomaswillems.de\/moto\/wp-content\/uploads\/2021\/08\/IMG_20200623_172558-225x300.jpg 225w, https:\/\/thomaswillems.de\/moto\/wp-content\/uploads\/2021\/08\/IMG_20200623_172558.jpg 878w\" sizes=\"(max-width: 245px) 100vw, 245px\" \/><figcaption>Mitas Terraforce nach 8.000 km                                                                                        <\/figcaption><\/figure>\n","protected":false},"excerpt":{"rendered":"<p>eine echte Glaubensfrage. Ich glaube die\u00a0f\u00fcr mich\u00a0Besten, waren bisher die A40 von Bridgestone, die mir vom Fahrgef\u00fchl, Grip und Laufleistung gut gefallen haben. Und nat\u00fcrlich die Conti TrailAttack3 die mein absoluter Favorit sind. Sofort nach dem Aufziehen des ersten Satz&#8230;<br \/><a class=\"read-more-button\" href=\"https:\/\/thomaswillems.de\/moto\/?page_id=1531\">Read more<\/a><\/p>\n","protected":false},"author":1,"featured_media":0,"parent":0,"menu_order":0,"comment_status":"closed","ping_status":"closed","template":"","meta":{"ngg_post_thumbnail":0,"footnotes":""},"yoast_head":"<!-- This site is optimized with the Yoast SEO plugin v19.14 - https:\/\/yoast.com\/wordpress\/plugins\/seo\/ -->\n<title>Reifen - Thomas Willems MOTO<\/title>\n<meta name=\"robots\" content=\"noindex, follow, max-snippet:-1, max-image-preview:large, max-video-preview:-1\" \/>\n<meta property=\"og:locale\" content=\"de_DE\" \/>\n<meta property=\"og:type\" content=\"article\" \/>\n<meta property=\"og:title\" content=\"Reifen - Thomas Willems MOTO\" \/>\n<meta property=\"og:description\" content=\"eine echte Glaubensfrage. Ich glaube die\u00a0f\u00fcr mich\u00a0Besten, waren bisher die A40 von Bridgestone, die mir vom Fahrgef\u00fchl, Grip und Laufleistung gut gefallen haben. Und nat\u00fcrlich die Conti TrailAttack3 die mein absoluter Favorit sind. Sofort nach dem Aufziehen des ersten Satz...Read more\" \/>\n<meta property=\"og:url\" content=\"https:\/\/thomaswillems.de\/moto\/?page_id=1531\" \/>\n<meta property=\"og:site_name\" content=\"Thomas Willems MOTO\" \/>\n<meta property=\"article:modified_time\" content=\"2021-08-19T13:51:12+00:00\" \/>\n<meta property=\"og:image\" content=\"https:\/\/thomaswillems.de\/moto\/wp-content\/uploads\/2021\/08\/IMG_20180722_203222-768x1024.jpg\" \/>\n<meta name=\"twitter:card\" content=\"summary_large_image\" \/>\n<meta name=\"twitter:label1\" content=\"Gesch\u00e4tzte Lesezeit\" \/>\n\t<meta name=\"twitter:data1\" content=\"1 Minute\" \/>\n<script type=\"application\/ld+json\" class=\"yoast-schema-graph\">{\"@context\":\"https:\/\/schema.org\",\"@graph\":[{\"@type\":\"WebPage\",\"@id\":\"https:\/\/thomaswillems.de\/moto\/?page_id=1531\",\"url\":\"https:\/\/thomaswillems.de\/moto\/?page_id=1531\",\"name\":\"Reifen - Thomas Willems MOTO\",\"isPartOf\":{\"@id\":\"https:\/\/thomaswillems.de\/moto\/#website\"},\"datePublished\":\"2021-08-17T13:29:40+00:00\",\"dateModified\":\"2021-08-19T13:51:12+00:00\",\"breadcrumb\":{\"@id\":\"https:\/\/thomaswillems.de\/moto\/?page_id=1531#breadcrumb\"},\"inLanguage\":\"de-DE\",\"potentialAction\":[{\"@type\":\"ReadAction\",\"target\":[\"https:\/\/thomaswillems.de\/moto\/?page_id=1531\"]}]},{\"@type\":\"BreadcrumbList\",\"@id\":\"https:\/\/thomaswillems.de\/moto\/?page_id=1531#breadcrumb\",\"itemListElement\":[{\"@type\":\"ListItem\",\"position\":1,\"name\":\"Home\",\"item\":\"https:\/\/thomaswillems.de\/moto\/\"},{\"@type\":\"ListItem\",\"position\":2,\"name\":\"Reifen\"}]},{\"@type\":\"WebSite\",\"@id\":\"https:\/\/thomaswillems.de\/moto\/#website\",\"url\":\"https:\/\/thomaswillems.de\/moto\/\",\"name\":\"Thomas Willems MOTO\",\"description\":\"\",\"publisher\":{\"@id\":\"https:\/\/thomaswillems.de\/moto\/#\/schema\/person\/2a305c0c00fce7e7fae0967163ca1fd9\"},\"potentialAction\":[{\"@type\":\"SearchAction\",\"target\":{\"@type\":\"EntryPoint\",\"urlTemplate\":\"https:\/\/thomaswillems.de\/moto\/?s={search_term_string}\"},\"query-input\":\"required name=search_term_string\"}],\"inLanguage\":\"de-DE\"},{\"@type\":[\"Person\",\"Organization\"],\"@id\":\"https:\/\/thomaswillems.de\/moto\/#\/schema\/person\/2a305c0c00fce7e7fae0967163ca1fd9\",\"name\":\"Tom\",\"image\":{\"@type\":\"ImageObject\",\"inLanguage\":\"de-DE\",\"@id\":\"https:\/\/thomaswillems.de\/moto\/#\/schema\/person\/image\/\",\"url\":\"https:\/\/thomaswillems.de\/moto\/wp-content\/uploads\/2020\/08\/cropped-header02.png\",\"contentUrl\":\"https:\/\/thomaswillems.de\/moto\/wp-content\/uploads\/2020\/08\/cropped-header02.png\",\"width\":483,\"height\":38,\"caption\":\"Tom\"},\"logo\":{\"@id\":\"https:\/\/thomaswillems.de\/moto\/#\/schema\/person\/image\/\"}}]}<\/script>\n<!-- \/ Yoast SEO plugin. -->","yoast_head_json":{"title":"Reifen - Thomas Willems MOTO","robots":{"index":"noindex","follow":"follow","max-snippet":"max-snippet:-1","max-image-preview":"max-image-preview:large","max-video-preview":"max-video-preview:-1"},"og_locale":"de_DE","og_type":"article","og_title":"Reifen - Thomas Willems MOTO","og_description":"eine echte Glaubensfrage. Ich glaube die\u00a0f\u00fcr mich\u00a0Besten, waren bisher die A40 von Bridgestone, die mir vom Fahrgef\u00fchl, Grip und Laufleistung gut gefallen haben. Und nat\u00fcrlich die Conti TrailAttack3 die mein absoluter Favorit sind. Sofort nach dem Aufziehen des ersten Satz...Read more","og_url":"https:\/\/thomaswillems.de\/moto\/?page_id=1531","og_site_name":"Thomas Willems MOTO","article_modified_time":"2021-08-19T13:51:12+00:00","og_image":[{"url":"https:\/\/thomaswillems.de\/moto\/wp-content\/uploads\/2021\/08\/IMG_20180722_203222-768x1024.jpg"}],"twitter_card":"summary_large_image","twitter_misc":{"Gesch\u00e4tzte Lesezeit":"1 Minute"},"schema":{"@context":"https:\/\/schema.org","@graph":[{"@type":"WebPage","@id":"https:\/\/thomaswillems.de\/moto\/?page_id=1531","url":"https:\/\/thomaswillems.de\/moto\/?page_id=1531","name":"Reifen - Thomas Willems MOTO","isPartOf":{"@id":"https:\/\/thomaswillems.de\/moto\/#website"},"datePublished":"2021-08-17T13:29:40+00:00","dateModified":"2021-08-19T13:51:12+00:00","breadcrumb":{"@id":"https:\/\/thomaswillems.de\/moto\/?page_id=1531#breadcrumb"},"inLanguage":"de-DE","potentialAction":[{"@type":"ReadAction","target":["https:\/\/thomaswillems.de\/moto\/?page_id=1531"]}]},{"@type":"BreadcrumbList","@id":"https:\/\/thomaswillems.de\/moto\/?page_id=1531#breadcrumb","itemListElement":[{"@type":"ListItem","position":1,"name":"Home","item":"https:\/\/thomaswillems.de\/moto\/"},{"@type":"ListItem","position":2,"name":"Reifen"}]},{"@type":"WebSite","@id":"https:\/\/thomaswillems.de\/moto\/#website","url":"https:\/\/thomaswillems.de\/moto\/","name":"Thomas Willems MOTO","description":"","publisher":{"@id":"https:\/\/thomaswillems.de\/moto\/#\/schema\/person\/2a305c0c00fce7e7fae0967163ca1fd9"},"potentialAction":[{"@type":"SearchAction","target":{"@type":"EntryPoint","urlTemplate":"https:\/\/thomaswillems.de\/moto\/?s={search_term_string}"},"query-input":"required name=search_term_string"}],"inLanguage":"de-DE"},{"@type":["Person","Organization"],"@id":"https:\/\/thomaswillems.de\/moto\/#\/schema\/person\/2a305c0c00fce7e7fae0967163ca1fd9","name":"Tom","image":{"@type":"ImageObject","inLanguage":"de-DE","@id":"https:\/\/thomaswillems.de\/moto\/#\/schema\/person\/image\/","url":"https:\/\/thomaswillems.de\/moto\/wp-content\/uploads\/2020\/08\/cropped-header02.png","contentUrl":"https:\/\/thomaswillems.de\/moto\/wp-content\/uploads\/2020\/08\/cropped-header02.png","width":483,"height":38,"caption":"Tom"},"logo":{"@id":"https:\/\/thomaswillems.de\/moto\/#\/schema\/person\/image\/"}}]}},"_links":{"self":[{"href":"https:\/\/thomaswillems.de\/moto\/index.php?rest_route=\/wp\/v2\/pages\/1531"}],"collection":[{"href":"https:\/\/thomaswillems.de\/moto\/index.php?rest_route=\/wp\/v2\/pages"}],"about":[{"href":"https:\/\/thomaswillems.de\/moto\/index.php?rest_route=\/wp\/v2\/types\/page"}],"author":[{"embeddable":true,"href":"https:\/\/thomaswillems.de\/moto\/index.php?rest_route=\/wp\/v2\/users\/1"}],"replies":[{"embeddable":true,"href":"https:\/\/thomaswillems.de\/moto\/index.php?rest_route=%2Fwp%2Fv2%2Fcomments&post=1531"}],"version-history":[{"count":3,"href":"https:\/\/thomaswillems.de\/moto\/index.php?rest_route=\/wp\/v2\/pages\/1531\/revisions"}],"predecessor-version":[{"id":1560,"href":"https:\/\/thomaswillems.de\/moto\/index.php?rest_route=\/wp\/v2\/pages\/1531\/revisions\/1560"}],"wp:attachment":[{"href":"https:\/\/thomaswillems.de\/moto\/index.php?rest_route=%2Fwp%2Fv2%2Fmedia&parent=1531"}],"curies":[{"name":"wp","href":"https:\/\/api.w.org\/{rel}","templated":true}]}}