{"id":1533,"date":"2021-08-17T13:30:35","date_gmt":"2021-08-17T13:30:35","guid":{"rendered":"https:\/\/thomaswillems.de\/wordpress\/?page_id=1533"},"modified":"2021-08-17T14:39:05","modified_gmt":"2021-08-17T14:39:05","slug":"vfr-1200-x","status":"publish","type":"page","link":"https:\/\/thomaswillems.de\/moto\/?page_id=1533","title":{"rendered":"VFR 1200 X"},"content":{"rendered":"\n<p><strong>VFR 1200 X<\/strong><br>Hersteller Honda<br>Verkaufsbezeichnung Crosstourer<br>Produktionszeitraum ab 2012<br>Klasse Motorrad<br>Bauart Reiseenduro<br><br>fl\u00fcssigkeitsgek\u00fchlter Vierzylinder-Viertakt-V-Motor, querliegende Kurbelwelle, eine obenliegende, je eine kettengetriebene Nockenwelle (SOHC), vier \u00fcber Tassenst\u00f6\u00dfel und Rollenkipphebel bet\u00e4tigte Ventile pro Zylinder, Nasssumpfschmierung mit \u00d6lk\u00fchler, PGM-FI elektronische Benzineinspritzung, geregelter Katalysator, Sekund\u00e4rluftsystem, E-Starter<br>Hubraum (cm\u00b3) 1237<br>Leistung (kW\/PS) 95 kW (129 PS) bei 7750 min\u22121<br>Drehmoment (N m) 126 Nm bei 6500 min\u22121<br>H\u00f6chst\u00adgeschwindigkeit (km\/h) 209<br>Getriebe 6 G\u00e4nge<br>Antrieb Kardanantrieb<br>Bremsen vorn \u00d8 310 mm Doppelscheibenbremse mit Dreikolbenbremszangen<br>hinten \u00d8 256 mm Einscheibenbremse mit Dreikolbenbremszange<br>Radstand (mm) 1595<br>Ma\u00dfe (L \u00d7 B \u00d7 H, mm): 2285 \u00d7 915 \u00d7 1335<br>Sitzh\u00f6he (cm) 85<br>Leergewicht (kg) 275<\/p>\n\n\n<section id=\"tf-stat-1247\" class=\"statistics \"  data-sp=\"80\" ><h3 >Crosstourer<\/h3><div class=\"statistics-inner\"><div class=\"stat\"  data-count=\"1237\"><span class=\"fa fa-user-o\"><\/span><span class=\"number\"><\/span><span class=\"count-title\">ccm<\/span><\/div><div class=\"stat\"  data-count=\"129\"><span class=\"fa fa-free-code-camp\"><\/span><span class=\"number\"><\/span><span class=\"count-title\">PS<\/span><\/div><div class=\"stat\"  data-count=\"126\"><span class=\"fa fa-battery-4\"><\/span><span class=\"number\"><\/span><span class=\"count-title\">Nm<\/span><\/div><div class=\"stat\"  data-count=\"209\"><span class=\"fa fa-exclamation-triangle\"><\/span><span class=\"number\"><\/span><span class=\"count-title\">Km\/h<\/span><\/div><div class=\"stat\"  data-count=\"275\"><span class=\"fa fa-grav\"><\/span><span class=\"number\"><\/span><span class=\"count-title\">Kg<\/span><\/div><\/div><\/section>\n","protected":false},"excerpt":{"rendered":"<p>VFR 1200 XHersteller HondaVerkaufsbezeichnung CrosstourerProduktionszeitraum ab 2012Klasse MotorradBauart Reiseenduro fl\u00fcssigkeitsgek\u00fchlter Vierzylinder-Viertakt-V-Motor, querliegende Kurbelwelle, eine obenliegende, je eine kettengetriebene Nockenwelle (SOHC), vier \u00fcber Tassenst\u00f6\u00dfel und Rollenkipphebel bet\u00e4tigte Ventile pro Zylinder, Nasssumpfschmierung mit \u00d6lk\u00fchler, PGM-FI elektronische Benzineinspritzung, geregelter Katalysator, Sekund\u00e4rluftsystem, E-StarterHubraum (cm\u00b3)&#8230;<br \/><a class=\"read-more-button\" href=\"https:\/\/thomaswillems.de\/moto\/?page_id=1533\">Read more<\/a><\/p>\n","protected":false},"author":1,"featured_media":0,"parent":0,"menu_order":0,"comment_status":"closed","ping_status":"closed","template":"","meta":{"ngg_post_thumbnail":0,"footnotes":""},"yoast_head":"<!-- This site is optimized with the Yoast SEO plugin v19.14 - https:\/\/yoast.com\/wordpress\/plugins\/seo\/ -->\n<title>VFR 1200 X - Thomas Willems MOTO<\/title>\n<meta name=\"robots\" content=\"noindex, follow, max-snippet:-1, max-image-preview:large, max-video-preview:-1\" \/>\n<meta property=\"og:locale\" content=\"de_DE\" \/>\n<meta property=\"og:type\" content=\"article\" \/>\n<meta property=\"og:title\" content=\"VFR 1200 X - Thomas Willems MOTO\" \/>\n<meta property=\"og:description\" content=\"VFR 1200 XHersteller HondaVerkaufsbezeichnung CrosstourerProduktionszeitraum ab 2012Klasse MotorradBauart Reiseenduro fl\u00fcssigkeitsgek\u00fchlter Vierzylinder-Viertakt-V-Motor, querliegende Kurbelwelle, eine obenliegende, je eine kettengetriebene Nockenwelle (SOHC), vier \u00fcber Tassenst\u00f6\u00dfel und Rollenkipphebel bet\u00e4tigte Ventile pro Zylinder, Nasssumpfschmierung mit \u00d6lk\u00fchler, PGM-FI elektronische Benzineinspritzung, geregelter Katalysator, Sekund\u00e4rluftsystem, E-StarterHubraum (cm\u00b3)...Read more\" \/>\n<meta property=\"og:url\" content=\"https:\/\/thomaswillems.de\/moto\/?page_id=1533\" \/>\n<meta property=\"og:site_name\" content=\"Thomas Willems MOTO\" \/>\n<meta property=\"article:modified_time\" content=\"2021-08-17T14:39:05+00:00\" \/>\n<meta name=\"twitter:card\" content=\"summary_large_image\" \/>\n<script type=\"application\/ld+json\" class=\"yoast-schema-graph\">{\"@context\":\"https:\/\/schema.org\",\"@graph\":[{\"@type\":\"WebPage\",\"@id\":\"https:\/\/thomaswillems.de\/moto\/?page_id=1533\",\"url\":\"https:\/\/thomaswillems.de\/moto\/?page_id=1533\",\"name\":\"VFR 1200 X - Thomas Willems MOTO\",\"isPartOf\":{\"@id\":\"https:\/\/thomaswillems.de\/moto\/#website\"},\"datePublished\":\"2021-08-17T13:30:35+00:00\",\"dateModified\":\"2021-08-17T14:39:05+00:00\",\"breadcrumb\":{\"@id\":\"https:\/\/thomaswillems.de\/moto\/?page_id=1533#breadcrumb\"},\"inLanguage\":\"de-DE\",\"potentialAction\":[{\"@type\":\"ReadAction\",\"target\":[\"https:\/\/thomaswillems.de\/moto\/?page_id=1533\"]}]},{\"@type\":\"BreadcrumbList\",\"@id\":\"https:\/\/thomaswillems.de\/moto\/?page_id=1533#breadcrumb\",\"itemListElement\":[{\"@type\":\"ListItem\",\"position\":1,\"name\":\"Home\",\"item\":\"https:\/\/thomaswillems.de\/moto\/\"},{\"@type\":\"ListItem\",\"position\":2,\"name\":\"VFR 1200 X\"}]},{\"@type\":\"WebSite\",\"@id\":\"https:\/\/thomaswillems.de\/moto\/#website\",\"url\":\"https:\/\/thomaswillems.de\/moto\/\",\"name\":\"Thomas Willems MOTO\",\"description\":\"\",\"publisher\":{\"@id\":\"https:\/\/thomaswillems.de\/moto\/#\/schema\/person\/2a305c0c00fce7e7fae0967163ca1fd9\"},\"potentialAction\":[{\"@type\":\"SearchAction\",\"target\":{\"@type\":\"EntryPoint\",\"urlTemplate\":\"https:\/\/thomaswillems.de\/moto\/?s={search_term_string}\"},\"query-input\":\"required name=search_term_string\"}],\"inLanguage\":\"de-DE\"},{\"@type\":[\"Person\",\"Organization\"],\"@id\":\"https:\/\/thomaswillems.de\/moto\/#\/schema\/person\/2a305c0c00fce7e7fae0967163ca1fd9\",\"name\":\"Tom\",\"image\":{\"@type\":\"ImageObject\",\"inLanguage\":\"de-DE\",\"@id\":\"https:\/\/thomaswillems.de\/moto\/#\/schema\/person\/image\/\",\"url\":\"https:\/\/thomaswillems.de\/moto\/wp-content\/uploads\/2020\/08\/cropped-header02.png\",\"contentUrl\":\"https:\/\/thomaswillems.de\/moto\/wp-content\/uploads\/2020\/08\/cropped-header02.png\",\"width\":483,\"height\":38,\"caption\":\"Tom\"},\"logo\":{\"@id\":\"https:\/\/thomaswillems.de\/moto\/#\/schema\/person\/image\/\"}}]}<\/script>\n<!-- \/ Yoast SEO plugin. -->","yoast_head_json":{"title":"VFR 1200 X - Thomas Willems MOTO","robots":{"index":"noindex","follow":"follow","max-snippet":"max-snippet:-1","max-image-preview":"max-image-preview:large","max-video-preview":"max-video-preview:-1"},"og_locale":"de_DE","og_type":"article","og_title":"VFR 1200 X - Thomas Willems MOTO","og_description":"VFR 1200 XHersteller HondaVerkaufsbezeichnung CrosstourerProduktionszeitraum ab 2012Klasse MotorradBauart Reiseenduro fl\u00fcssigkeitsgek\u00fchlter Vierzylinder-Viertakt-V-Motor, querliegende Kurbelwelle, eine obenliegende, je eine kettengetriebene Nockenwelle (SOHC), vier \u00fcber Tassenst\u00f6\u00dfel und Rollenkipphebel bet\u00e4tigte Ventile pro Zylinder, Nasssumpfschmierung mit \u00d6lk\u00fchler, PGM-FI elektronische Benzineinspritzung, geregelter Katalysator, Sekund\u00e4rluftsystem, E-StarterHubraum (cm\u00b3)...Read more","og_url":"https:\/\/thomaswillems.de\/moto\/?page_id=1533","og_site_name":"Thomas Willems MOTO","article_modified_time":"2021-08-17T14:39:05+00:00","twitter_card":"summary_large_image","schema":{"@context":"https:\/\/schema.org","@graph":[{"@type":"WebPage","@id":"https:\/\/thomaswillems.de\/moto\/?page_id=1533","url":"https:\/\/thomaswillems.de\/moto\/?page_id=1533","name":"VFR 1200 X - Thomas Willems MOTO","isPartOf":{"@id":"https:\/\/thomaswillems.de\/moto\/#website"},"datePublished":"2021-08-17T13:30:35+00:00","dateModified":"2021-08-17T14:39:05+00:00","breadcrumb":{"@id":"https:\/\/thomaswillems.de\/moto\/?page_id=1533#breadcrumb"},"inLanguage":"de-DE","potentialAction":[{"@type":"ReadAction","target":["https:\/\/thomaswillems.de\/moto\/?page_id=1533"]}]},{"@type":"BreadcrumbList","@id":"https:\/\/thomaswillems.de\/moto\/?page_id=1533#breadcrumb","itemListElement":[{"@type":"ListItem","position":1,"name":"Home","item":"https:\/\/thomaswillems.de\/moto\/"},{"@type":"ListItem","position":2,"name":"VFR 1200 X"}]},{"@type":"WebSite","@id":"https:\/\/thomaswillems.de\/moto\/#website","url":"https:\/\/thomaswillems.de\/moto\/","name":"Thomas Willems MOTO","description":"","publisher":{"@id":"https:\/\/thomaswillems.de\/moto\/#\/schema\/person\/2a305c0c00fce7e7fae0967163ca1fd9"},"potentialAction":[{"@type":"SearchAction","target":{"@type":"EntryPoint","urlTemplate":"https:\/\/thomaswillems.de\/moto\/?s={search_term_string}"},"query-input":"required name=search_term_string"}],"inLanguage":"de-DE"},{"@type":["Person","Organization"],"@id":"https:\/\/thomaswillems.de\/moto\/#\/schema\/person\/2a305c0c00fce7e7fae0967163ca1fd9","name":"Tom","image":{"@type":"ImageObject","inLanguage":"de-DE","@id":"https:\/\/thomaswillems.de\/moto\/#\/schema\/person\/image\/","url":"https:\/\/thomaswillems.de\/moto\/wp-content\/uploads\/2020\/08\/cropped-header02.png","contentUrl":"https:\/\/thomaswillems.de\/moto\/wp-content\/uploads\/2020\/08\/cropped-header02.png","width":483,"height":38,"caption":"Tom"},"logo":{"@id":"https:\/\/thomaswillems.de\/moto\/#\/schema\/person\/image\/"}}]}},"_links":{"self":[{"href":"https:\/\/thomaswillems.de\/moto\/index.php?rest_route=\/wp\/v2\/pages\/1533"}],"collection":[{"href":"https:\/\/thomaswillems.de\/moto\/index.php?rest_route=\/wp\/v2\/pages"}],"about":[{"href":"https:\/\/thomaswillems.de\/moto\/index.php?rest_route=\/wp\/v2\/types\/page"}],"author":[{"embeddable":true,"href":"https:\/\/thomaswillems.de\/moto\/index.php?rest_route=\/wp\/v2\/users\/1"}],"replies":[{"embeddable":true,"href":"https:\/\/thomaswillems.de\/moto\/index.php?rest_route=%2Fwp%2Fv2%2Fcomments&post=1533"}],"version-history":[{"count":5,"href":"https:\/\/thomaswillems.de\/moto\/index.php?rest_route=\/wp\/v2\/pages\/1533\/revisions"}],"predecessor-version":[{"id":1551,"href":"https:\/\/thomaswillems.de\/moto\/index.php?rest_route=\/wp\/v2\/pages\/1533\/revisions\/1551"}],"wp:attachment":[{"href":"https:\/\/thomaswillems.de\/moto\/index.php?rest_route=%2Fwp%2Fv2%2Fmedia&parent=1533"}],"curies":[{"name":"wp","href":"https:\/\/api.w.org\/{rel}","templated":true}]}}