{"id":1536,"date":"2021-08-17T13:33:34","date_gmt":"2021-08-17T13:33:34","guid":{"rendered":"https:\/\/thomaswillems.de\/wordpress\/?page_id=1536"},"modified":"2021-08-17T13:33:34","modified_gmt":"2021-08-17T13:33:34","slug":"mopeds-2","status":"publish","type":"page","link":"https:\/\/thomaswillems.de\/moto\/?page_id=1536","title":{"rendered":"Mopeds"},"content":{"rendered":"\n<p>2010 F\u00fchrerschein A gemacht, daher ist die Liste \u00fcberschaubar<\/p>\n\n\n\n<p>2010&nbsp;<strong>Honda Transalp 650<\/strong>&nbsp;\u2013 Erstes Moped, ein Jahr gefahren, irgendwie war das nicht das was ich mir vorgestellt hatte. Sitzposition und Komfort waren gut, aber es hat nicht wirklich berauscht.<\/p>\n\n\n\n<p>2011&nbsp;<strong>Honda CBF 1000<\/strong>&nbsp;\u2013 Schon eher Motorradfahren wie ich es mit vorgestellt habe. Mit 98 PS ging schon mal was voran, wenn man wollte. Daher auch 4 Jahre gefahren mit so ca. 45.000 km. Sitzen war trotz umgebauter Sitzbank nicht so wirklich bequem.<\/p>\n\n\n\n<p>2015&nbsp;<strong>Honda VFR1200X DCT Crosstourer<\/strong>&nbsp;\u2013 aber jetzt! Pi mal Daumen 130 PS, ebensoviele Nm, DCT, hohe Sitzposition = passt und geht ab.<br>GS probegefahren, CT probegefahren und CT sofort danach gekauft. Keine weiteren Probefahrten gemacht.<br>2015 bekommen und aktuell (2020) noch keine Absicht zu tauschen.<\/p>\n\n\n\n<p>Update 05\/2021: nach \u00fcber 6 Jahren und gut \u00fcber 66.000km bin ich noch immer v\u00f6llig begeistert von meinem CT. Keine Probleme, keine Reparaturen, nur Spass. T\u00dcV wieder neu 05\/2023, also auf weitere 2 Jahre problemlose und erlebnisreiche Touren.<\/p>\n\n\n\n<!-- default-view.php -->\n<div\n\tclass=\"ngg-galleryoverview default-view \"\n\tid=\"ngg-gallery-c384b90bec5f1603471376e4dcf243a9-1\">\n\n\t\t<!-- Thumbnails -->\n\t\t\t\t<div id=\"ngg-image-0\" class=\"ngg-gallery-thumbnail-box ngg-4-columns\" >\n\t\t\t\t        <div class=\"ngg-gallery-thumbnail\">\n            <a href=\"https:\/\/thomaswillems.de\/moto\/wp-content\/gallery\/mopeds\/Sam_0823.jpg\"\n               title=\"\"\n               data-src=\"https:\/\/thomaswillems.de\/moto\/wp-content\/gallery\/mopeds\/Sam_0823.jpg\"\n               data-thumbnail=\"https:\/\/thomaswillems.de\/moto\/wp-content\/gallery\/mopeds\/thumbs\/thumbs_Sam_0823.jpg\"\n               data-image-id=\"148\"\n               data-title=\"Sam_0823\"\n               data-description=\"\"\n               data-image-slug=\"sam_0823\"\n               class=\"ngg-simplelightbox\" rel=\"c384b90bec5f1603471376e4dcf243a9\">\n                <img\n                    title=\"Sam_0823\"\n                    alt=\"Sam_0823\"\n                    src=\"https:\/\/thomaswillems.de\/moto\/wp-content\/gallery\/mopeds\/thumbs\/thumbs_Sam_0823.jpg\"\n                    width=\"240\"\n                    height=\"160\"\n                    style=\"max-width:100%;\"\n                \/>\n            <\/a>\n        <\/div>\n\t\t\t\t\t\t\t<\/div> \n\t\t\t\n\t\t\t\t<div id=\"ngg-image-1\" class=\"ngg-gallery-thumbnail-box ngg-4-columns\" >\n\t\t\t\t        <div class=\"ngg-gallery-thumbnail\">\n            <a href=\"https:\/\/thomaswillems.de\/moto\/wp-content\/gallery\/mopeds\/Sam_0855.jpg\"\n               title=\"\"\n               data-src=\"https:\/\/thomaswillems.de\/moto\/wp-content\/gallery\/mopeds\/Sam_0855.jpg\"\n               data-thumbnail=\"https:\/\/thomaswillems.de\/moto\/wp-content\/gallery\/mopeds\/thumbs\/thumbs_Sam_0855.jpg\"\n               data-image-id=\"149\"\n               data-title=\"Sam_0855\"\n               data-description=\"\"\n               data-image-slug=\"sam_0855\"\n               class=\"ngg-simplelightbox\" rel=\"c384b90bec5f1603471376e4dcf243a9\">\n                <img\n                    title=\"Sam_0855\"\n                    alt=\"Sam_0855\"\n                    src=\"https:\/\/thomaswillems.de\/moto\/wp-content\/gallery\/mopeds\/thumbs\/thumbs_Sam_0855.jpg\"\n                    width=\"240\"\n                    height=\"160\"\n                    style=\"max-width:100%;\"\n                \/>\n            <\/a>\n        <\/div>\n\t\t\t\t\t\t\t<\/div> \n\t\t\t\n\t\t\t\t<div id=\"ngg-image-2\" class=\"ngg-gallery-thumbnail-box ngg-4-columns\" >\n\t\t\t\t        <div class=\"ngg-gallery-thumbnail\">\n            <a href=\"https:\/\/thomaswillems.de\/moto\/wp-content\/gallery\/mopeds\/Cimg6572.jpg\"\n               title=\"\"\n               data-src=\"https:\/\/thomaswillems.de\/moto\/wp-content\/gallery\/mopeds\/Cimg6572.jpg\"\n               data-thumbnail=\"https:\/\/thomaswillems.de\/moto\/wp-content\/gallery\/mopeds\/thumbs\/thumbs_Cimg6572.jpg\"\n               data-image-id=\"45\"\n               data-title=\"Cimg6572\"\n               data-description=\"\"\n               data-image-slug=\"cimg6572\"\n               class=\"ngg-simplelightbox\" rel=\"c384b90bec5f1603471376e4dcf243a9\">\n                <img\n                    title=\"Cimg6572\"\n                    alt=\"Cimg6572\"\n                    src=\"https:\/\/thomaswillems.de\/moto\/wp-content\/gallery\/mopeds\/thumbs\/thumbs_Cimg6572.jpg\"\n                    width=\"240\"\n                    height=\"160\"\n                    style=\"max-width:100%;\"\n                \/>\n            <\/a>\n        <\/div>\n\t\t\t\t\t\t\t<\/div> \n\t\t\t\n\t\t\t\t<div id=\"ngg-image-3\" class=\"ngg-gallery-thumbnail-box ngg-4-columns\" >\n\t\t\t\t        <div class=\"ngg-gallery-thumbnail\">\n            <a href=\"https:\/\/thomaswillems.de\/moto\/wp-content\/gallery\/mopeds\/Foto0170.jpg\"\n               title=\"\"\n               data-src=\"https:\/\/thomaswillems.de\/moto\/wp-content\/gallery\/mopeds\/Foto0170.jpg\"\n               data-thumbnail=\"https:\/\/thomaswillems.de\/moto\/wp-content\/gallery\/mopeds\/thumbs\/thumbs_Foto0170.jpg\"\n               data-image-id=\"43\"\n               data-title=\"Foto0170\"\n               data-description=\"\"\n               data-image-slug=\"foto0170\"\n               class=\"ngg-simplelightbox\" rel=\"c384b90bec5f1603471376e4dcf243a9\">\n                <img\n                    title=\"Foto0170\"\n                    alt=\"Foto0170\"\n                    src=\"https:\/\/thomaswillems.de\/moto\/wp-content\/gallery\/mopeds\/thumbs\/thumbs_Foto0170.jpg\"\n                    width=\"240\"\n                    height=\"160\"\n                    style=\"max-width:100%;\"\n                \/>\n            <\/a>\n        <\/div>\n\t\t\t\t\t\t\t<\/div> \n\t\t\t\n\t\t\t\t<div id=\"ngg-image-4\" class=\"ngg-gallery-thumbnail-box ngg-4-columns\" >\n\t\t\t\t        <div class=\"ngg-gallery-thumbnail\">\n            <a href=\"https:\/\/thomaswillems.de\/moto\/wp-content\/gallery\/mopeds\/SAM_1865.JPG\"\n               title=\"\"\n               data-src=\"https:\/\/thomaswillems.de\/moto\/wp-content\/gallery\/mopeds\/SAM_1865.JPG\"\n               data-thumbnail=\"https:\/\/thomaswillems.de\/moto\/wp-content\/gallery\/mopeds\/thumbs\/thumbs_SAM_1865.JPG\"\n               data-image-id=\"44\"\n               data-title=\"SAM_1865\"\n               data-description=\"\"\n               data-image-slug=\"sam_1865\"\n               class=\"ngg-simplelightbox\" rel=\"c384b90bec5f1603471376e4dcf243a9\">\n                <img\n                    title=\"SAM_1865\"\n                    alt=\"SAM_1865\"\n                    src=\"https:\/\/thomaswillems.de\/moto\/wp-content\/gallery\/mopeds\/thumbs\/thumbs_SAM_1865.JPG\"\n                    width=\"240\"\n                    height=\"160\"\n                    style=\"max-width:100%;\"\n                \/>\n            <\/a>\n        <\/div>\n\t\t\t\t\t\t\t<\/div> \n\t\t\t\n\t\t\t\t<div id=\"ngg-image-5\" class=\"ngg-gallery-thumbnail-box ngg-4-columns\" >\n\t\t\t\t        <div class=\"ngg-gallery-thumbnail\">\n            <a href=\"https:\/\/thomaswillems.de\/moto\/wp-content\/gallery\/mopeds\/P_20150423_182414.jpg\"\n               title=\"\"\n               data-src=\"https:\/\/thomaswillems.de\/moto\/wp-content\/gallery\/mopeds\/P_20150423_182414.jpg\"\n               data-thumbnail=\"https:\/\/thomaswillems.de\/moto\/wp-content\/gallery\/mopeds\/thumbs\/thumbs_P_20150423_182414.jpg\"\n               data-image-id=\"46\"\n               data-title=\"P_20150423_182414\"\n               data-description=\"\"\n               data-image-slug=\"p_20150423_182414\"\n               class=\"ngg-simplelightbox\" rel=\"c384b90bec5f1603471376e4dcf243a9\">\n                <img\n                    title=\"P_20150423_182414\"\n                    alt=\"P_20150423_182414\"\n                    src=\"https:\/\/thomaswillems.de\/moto\/wp-content\/gallery\/mopeds\/thumbs\/thumbs_P_20150423_182414.jpg\"\n                    width=\"240\"\n                    height=\"160\"\n                    style=\"max-width:100%;\"\n                \/>\n            <\/a>\n        <\/div>\n\t\t\t\t\t\t\t<\/div> \n\t\t\t\n\t\t\t\t<div id=\"ngg-image-6\" class=\"ngg-gallery-thumbnail-box ngg-4-columns\" >\n\t\t\t\t        <div class=\"ngg-gallery-thumbnail\">\n            <a href=\"https:\/\/thomaswillems.de\/moto\/wp-content\/gallery\/mopeds\/P_20150611_174901.jpg\"\n               title=\"\"\n               data-src=\"https:\/\/thomaswillems.de\/moto\/wp-content\/gallery\/mopeds\/P_20150611_174901.jpg\"\n               data-thumbnail=\"https:\/\/thomaswillems.de\/moto\/wp-content\/gallery\/mopeds\/thumbs\/thumbs_P_20150611_174901.jpg\"\n               data-image-id=\"47\"\n               data-title=\"P_20150611_174901\"\n               data-description=\"\"\n               data-image-slug=\"p_20150611_174901\"\n               class=\"ngg-simplelightbox\" rel=\"c384b90bec5f1603471376e4dcf243a9\">\n                <img\n                    title=\"P_20150611_174901\"\n                    alt=\"P_20150611_174901\"\n                    src=\"https:\/\/thomaswillems.de\/moto\/wp-content\/gallery\/mopeds\/thumbs\/thumbs_P_20150611_174901.jpg\"\n                    width=\"240\"\n                    height=\"160\"\n                    style=\"max-width:100%;\"\n                \/>\n            <\/a>\n        <\/div>\n\t\t\t\t\t\t\t<\/div> \n\t\t\t\n\t\t\t\t<div id=\"ngg-image-7\" class=\"ngg-gallery-thumbnail-box ngg-4-columns\" >\n\t\t\t\t        <div class=\"ngg-gallery-thumbnail\">\n            <a href=\"https:\/\/thomaswillems.de\/moto\/wp-content\/gallery\/mopeds\/P_20150611_180430_1.jpg\"\n               title=\"\"\n               data-src=\"https:\/\/thomaswillems.de\/moto\/wp-content\/gallery\/mopeds\/P_20150611_180430_1.jpg\"\n               data-thumbnail=\"https:\/\/thomaswillems.de\/moto\/wp-content\/gallery\/mopeds\/thumbs\/thumbs_P_20150611_180430_1.jpg\"\n               data-image-id=\"48\"\n               data-title=\"P_20150611_180430_1\"\n               data-description=\"\"\n               data-image-slug=\"p_20150611_180430_1\"\n               class=\"ngg-simplelightbox\" rel=\"c384b90bec5f1603471376e4dcf243a9\">\n                <img\n                    title=\"P_20150611_180430_1\"\n                    alt=\"P_20150611_180430_1\"\n                    src=\"https:\/\/thomaswillems.de\/moto\/wp-content\/gallery\/mopeds\/thumbs\/thumbs_P_20150611_180430_1.jpg\"\n                    width=\"240\"\n                    height=\"160\"\n                    style=\"max-width:100%;\"\n                \/>\n            <\/a>\n        <\/div>\n\t\t\t\t\t\t\t<\/div> \n\t\t\t\n\t\t\t\t<div id=\"ngg-image-8\" class=\"ngg-gallery-thumbnail-box ngg-4-columns\" >\n\t\t\t\t        <div class=\"ngg-gallery-thumbnail\">\n            <a href=\"https:\/\/thomaswillems.de\/moto\/wp-content\/gallery\/mopeds\/P_20150611_180544.jpg\"\n               title=\"\"\n               data-src=\"https:\/\/thomaswillems.de\/moto\/wp-content\/gallery\/mopeds\/P_20150611_180544.jpg\"\n               data-thumbnail=\"https:\/\/thomaswillems.de\/moto\/wp-content\/gallery\/mopeds\/thumbs\/thumbs_P_20150611_180544.jpg\"\n               data-image-id=\"49\"\n               data-title=\"P_20150611_180544\"\n               data-description=\"\"\n               data-image-slug=\"p_20150611_180544\"\n               class=\"ngg-simplelightbox\" rel=\"c384b90bec5f1603471376e4dcf243a9\">\n                <img\n                    title=\"P_20150611_180544\"\n                    alt=\"P_20150611_180544\"\n                    src=\"https:\/\/thomaswillems.de\/moto\/wp-content\/gallery\/mopeds\/thumbs\/thumbs_P_20150611_180544.jpg\"\n                    width=\"240\"\n                    height=\"160\"\n                    style=\"max-width:100%;\"\n                \/>\n            <\/a>\n        <\/div>\n\t\t\t\t\t\t\t<\/div> \n\t\t\t\n\t\t\t\t<div id=\"ngg-image-9\" class=\"ngg-gallery-thumbnail-box ngg-4-columns\" >\n\t\t\t\t        <div class=\"ngg-gallery-thumbnail\">\n            <a href=\"https:\/\/thomaswillems.de\/moto\/wp-content\/gallery\/mopeds\/P_20150612_081037.jpg\"\n               title=\"\"\n               data-src=\"https:\/\/thomaswillems.de\/moto\/wp-content\/gallery\/mopeds\/P_20150612_081037.jpg\"\n               data-thumbnail=\"https:\/\/thomaswillems.de\/moto\/wp-content\/gallery\/mopeds\/thumbs\/thumbs_P_20150612_081037.jpg\"\n               data-image-id=\"50\"\n               data-title=\"P_20150612_081037\"\n               data-description=\"\"\n               data-image-slug=\"p_20150612_081037\"\n               class=\"ngg-simplelightbox\" rel=\"c384b90bec5f1603471376e4dcf243a9\">\n                <img\n                    title=\"P_20150612_081037\"\n                    alt=\"P_20150612_081037\"\n                    src=\"https:\/\/thomaswillems.de\/moto\/wp-content\/gallery\/mopeds\/thumbs\/thumbs_P_20150612_081037.jpg\"\n                    width=\"240\"\n                    height=\"160\"\n                    style=\"max-width:100%;\"\n                \/>\n            <\/a>\n        <\/div>\n\t\t\t\t\t\t\t<\/div> \n\t\t\t\n\t\t\t\t<div id=\"ngg-image-10\" class=\"ngg-gallery-thumbnail-box ngg-4-columns\" >\n\t\t\t\t        <div class=\"ngg-gallery-thumbnail\">\n            <a href=\"https:\/\/thomaswillems.de\/moto\/wp-content\/gallery\/mopeds\/P_20150613_180241.jpg\"\n               title=\"\"\n               data-src=\"https:\/\/thomaswillems.de\/moto\/wp-content\/gallery\/mopeds\/P_20150613_180241.jpg\"\n               data-thumbnail=\"https:\/\/thomaswillems.de\/moto\/wp-content\/gallery\/mopeds\/thumbs\/thumbs_P_20150613_180241.jpg\"\n               data-image-id=\"51\"\n               data-title=\"P_20150613_180241\"\n               data-description=\"\"\n               data-image-slug=\"p_20150613_180241\"\n               class=\"ngg-simplelightbox\" rel=\"c384b90bec5f1603471376e4dcf243a9\">\n                <img\n                    title=\"P_20150613_180241\"\n                    alt=\"P_20150613_180241\"\n                    src=\"https:\/\/thomaswillems.de\/moto\/wp-content\/gallery\/mopeds\/thumbs\/thumbs_P_20150613_180241.jpg\"\n                    width=\"240\"\n                    height=\"160\"\n                    style=\"max-width:100%;\"\n                \/>\n            <\/a>\n        <\/div>\n\t\t\t\t\t\t\t<\/div> \n\t\t\t\n\t\t\t\t<div id=\"ngg-image-11\" class=\"ngg-gallery-thumbnail-box ngg-4-columns\" >\n\t\t\t\t        <div class=\"ngg-gallery-thumbnail\">\n            <a href=\"https:\/\/thomaswillems.de\/moto\/wp-content\/gallery\/mopeds\/P_20150613_180527.jpg\"\n               title=\"\"\n               data-src=\"https:\/\/thomaswillems.de\/moto\/wp-content\/gallery\/mopeds\/P_20150613_180527.jpg\"\n               data-thumbnail=\"https:\/\/thomaswillems.de\/moto\/wp-content\/gallery\/mopeds\/thumbs\/thumbs_P_20150613_180527.jpg\"\n               data-image-id=\"52\"\n               data-title=\"P_20150613_180527\"\n               data-description=\"\"\n               data-image-slug=\"p_20150613_180527\"\n               class=\"ngg-simplelightbox\" rel=\"c384b90bec5f1603471376e4dcf243a9\">\n                <img\n                    title=\"P_20150613_180527\"\n                    alt=\"P_20150613_180527\"\n                    src=\"https:\/\/thomaswillems.de\/moto\/wp-content\/gallery\/mopeds\/thumbs\/thumbs_P_20150613_180527.jpg\"\n                    width=\"240\"\n                    height=\"160\"\n                    style=\"max-width:100%;\"\n                \/>\n            <\/a>\n        <\/div>\n\t\t\t\t\t\t\t<\/div> \n\t\t\t\n\t\t\t\t<div id=\"ngg-image-12\" class=\"ngg-gallery-thumbnail-box ngg-4-columns\" >\n\t\t\t\t        <div class=\"ngg-gallery-thumbnail\">\n            <a href=\"https:\/\/thomaswillems.de\/moto\/wp-content\/gallery\/mopeds\/P_20150613_185430.jpg\"\n               title=\"\"\n               data-src=\"https:\/\/thomaswillems.de\/moto\/wp-content\/gallery\/mopeds\/P_20150613_185430.jpg\"\n               data-thumbnail=\"https:\/\/thomaswillems.de\/moto\/wp-content\/gallery\/mopeds\/thumbs\/thumbs_P_20150613_185430.jpg\"\n               data-image-id=\"53\"\n               data-title=\"P_20150613_185430\"\n               data-description=\"\"\n               data-image-slug=\"p_20150613_185430\"\n               class=\"ngg-simplelightbox\" rel=\"c384b90bec5f1603471376e4dcf243a9\">\n                <img\n                    title=\"P_20150613_185430\"\n                    alt=\"P_20150613_185430\"\n                    src=\"https:\/\/thomaswillems.de\/moto\/wp-content\/gallery\/mopeds\/thumbs\/thumbs_P_20150613_185430.jpg\"\n                    width=\"240\"\n                    height=\"160\"\n                    style=\"max-width:100%;\"\n                \/>\n            <\/a>\n        <\/div>\n\t\t\t\t\t\t\t<\/div> \n\t\t\t\n\t\t\t\t<div id=\"ngg-image-13\" class=\"ngg-gallery-thumbnail-box ngg-4-columns\" >\n\t\t\t\t        <div class=\"ngg-gallery-thumbnail\">\n            <a href=\"https:\/\/thomaswillems.de\/moto\/wp-content\/gallery\/mopeds\/P_20160326_132930.jpg\"\n               title=\"\"\n               data-src=\"https:\/\/thomaswillems.de\/moto\/wp-content\/gallery\/mopeds\/P_20160326_132930.jpg\"\n               data-thumbnail=\"https:\/\/thomaswillems.de\/moto\/wp-content\/gallery\/mopeds\/thumbs\/thumbs_P_20160326_132930.jpg\"\n               data-image-id=\"54\"\n               data-title=\"P_20160326_132930\"\n               data-description=\"\"\n               data-image-slug=\"p_20160326_132930\"\n               class=\"ngg-simplelightbox\" rel=\"c384b90bec5f1603471376e4dcf243a9\">\n                <img\n                    title=\"P_20160326_132930\"\n                    alt=\"P_20160326_132930\"\n                    src=\"https:\/\/thomaswillems.de\/moto\/wp-content\/gallery\/mopeds\/thumbs\/thumbs_P_20160326_132930.jpg\"\n                    width=\"240\"\n                    height=\"160\"\n                    style=\"max-width:100%;\"\n                \/>\n            <\/a>\n        <\/div>\n\t\t\t\t\t\t\t<\/div> \n\t\t\t\n\t\n\t<br style=\"clear: both\" \/>\n\n\t\t<div class=\"slideshowlink\">\n        <a href='https:\/\/thomaswillems.de\/moto\/index.php\/nggallery\/slideshow?page_id=1536'>View Slideshow<\/a>\n\t\t\n\t<\/div>\n\t\n\t\t<!-- Pagination -->\n\t<div class='ngg-clear'><\/div>\t<\/div>\n\n","protected":false},"excerpt":{"rendered":"<p>2010 F\u00fchrerschein A gemacht, daher ist die Liste \u00fcberschaubar 2010&nbsp;Honda Transalp 650&nbsp;\u2013 Erstes Moped, ein Jahr gefahren, irgendwie war das nicht das was ich mir vorgestellt hatte. Sitzposition und Komfort waren gut, aber es hat nicht wirklich berauscht. 2011&nbsp;Honda CBF&#8230;<br \/><a class=\"read-more-button\" href=\"https:\/\/thomaswillems.de\/moto\/?page_id=1536\">Read more<\/a><\/p>\n","protected":false},"author":1,"featured_media":0,"parent":0,"menu_order":0,"comment_status":"closed","ping_status":"closed","template":"","meta":{"ngg_post_thumbnail":0,"footnotes":""},"yoast_head":"<!-- This site is optimized with the Yoast SEO plugin v19.14 - https:\/\/yoast.com\/wordpress\/plugins\/seo\/ -->\n<title>Mopeds - Thomas Willems MOTO<\/title>\n<meta name=\"robots\" content=\"noindex, follow, max-snippet:-1, max-image-preview:large, max-video-preview:-1\" \/>\n<meta property=\"og:locale\" content=\"de_DE\" \/>\n<meta property=\"og:type\" content=\"article\" \/>\n<meta property=\"og:title\" content=\"Mopeds - Thomas Willems MOTO\" \/>\n<meta property=\"og:description\" content=\"2010 F\u00fchrerschein A gemacht, daher ist die Liste \u00fcberschaubar 2010&nbsp;Honda Transalp 650&nbsp;\u2013 Erstes Moped, ein Jahr gefahren, irgendwie war das nicht das was ich mir vorgestellt hatte. Sitzposition und Komfort waren gut, aber es hat nicht wirklich berauscht. 2011&nbsp;Honda CBF...Read more\" \/>\n<meta property=\"og:url\" content=\"https:\/\/thomaswillems.de\/moto\/?page_id=1536\" \/>\n<meta property=\"og:site_name\" content=\"Thomas Willems MOTO\" \/>\n<meta name=\"twitter:card\" content=\"summary_large_image\" \/>\n<meta name=\"twitter:label1\" content=\"Gesch\u00e4tzte Lesezeit\" \/>\n\t<meta name=\"twitter:data1\" content=\"1 Minute\" \/>\n<script type=\"application\/ld+json\" class=\"yoast-schema-graph\">{\"@context\":\"https:\/\/schema.org\",\"@graph\":[{\"@type\":\"WebPage\",\"@id\":\"https:\/\/thomaswillems.de\/moto\/?page_id=1536\",\"url\":\"https:\/\/thomaswillems.de\/moto\/?page_id=1536\",\"name\":\"Mopeds - Thomas Willems MOTO\",\"isPartOf\":{\"@id\":\"https:\/\/thomaswillems.de\/moto\/#website\"},\"datePublished\":\"2021-08-17T13:33:34+00:00\",\"dateModified\":\"2021-08-17T13:33:34+00:00\",\"breadcrumb\":{\"@id\":\"https:\/\/thomaswillems.de\/moto\/?page_id=1536#breadcrumb\"},\"inLanguage\":\"de-DE\",\"potentialAction\":[{\"@type\":\"ReadAction\",\"target\":[\"https:\/\/thomaswillems.de\/moto\/?page_id=1536\"]}]},{\"@type\":\"BreadcrumbList\",\"@id\":\"https:\/\/thomaswillems.de\/moto\/?page_id=1536#breadcrumb\",\"itemListElement\":[{\"@type\":\"ListItem\",\"position\":1,\"name\":\"Home\",\"item\":\"https:\/\/thomaswillems.de\/moto\/\"},{\"@type\":\"ListItem\",\"position\":2,\"name\":\"Mopeds\"}]},{\"@type\":\"WebSite\",\"@id\":\"https:\/\/thomaswillems.de\/moto\/#website\",\"url\":\"https:\/\/thomaswillems.de\/moto\/\",\"name\":\"Thomas Willems MOTO\",\"description\":\"\",\"publisher\":{\"@id\":\"https:\/\/thomaswillems.de\/moto\/#\/schema\/person\/2a305c0c00fce7e7fae0967163ca1fd9\"},\"potentialAction\":[{\"@type\":\"SearchAction\",\"target\":{\"@type\":\"EntryPoint\",\"urlTemplate\":\"https:\/\/thomaswillems.de\/moto\/?s={search_term_string}\"},\"query-input\":\"required name=search_term_string\"}],\"inLanguage\":\"de-DE\"},{\"@type\":[\"Person\",\"Organization\"],\"@id\":\"https:\/\/thomaswillems.de\/moto\/#\/schema\/person\/2a305c0c00fce7e7fae0967163ca1fd9\",\"name\":\"Tom\",\"image\":{\"@type\":\"ImageObject\",\"inLanguage\":\"de-DE\",\"@id\":\"https:\/\/thomaswillems.de\/moto\/#\/schema\/person\/image\/\",\"url\":\"https:\/\/thomaswillems.de\/moto\/wp-content\/uploads\/2020\/08\/cropped-header02.png\",\"contentUrl\":\"https:\/\/thomaswillems.de\/moto\/wp-content\/uploads\/2020\/08\/cropped-header02.png\",\"width\":483,\"height\":38,\"caption\":\"Tom\"},\"logo\":{\"@id\":\"https:\/\/thomaswillems.de\/moto\/#\/schema\/person\/image\/\"}}]}<\/script>\n<!-- \/ Yoast SEO plugin. -->","yoast_head_json":{"title":"Mopeds - Thomas Willems MOTO","robots":{"index":"noindex","follow":"follow","max-snippet":"max-snippet:-1","max-image-preview":"max-image-preview:large","max-video-preview":"max-video-preview:-1"},"og_locale":"de_DE","og_type":"article","og_title":"Mopeds - Thomas Willems MOTO","og_description":"2010 F\u00fchrerschein A gemacht, daher ist die Liste \u00fcberschaubar 2010&nbsp;Honda Transalp 650&nbsp;\u2013 Erstes Moped, ein Jahr gefahren, irgendwie war das nicht das was ich mir vorgestellt hatte. Sitzposition und Komfort waren gut, aber es hat nicht wirklich berauscht. 2011&nbsp;Honda CBF...Read more","og_url":"https:\/\/thomaswillems.de\/moto\/?page_id=1536","og_site_name":"Thomas Willems MOTO","twitter_card":"summary_large_image","twitter_misc":{"Gesch\u00e4tzte Lesezeit":"1 Minute"},"schema":{"@context":"https:\/\/schema.org","@graph":[{"@type":"WebPage","@id":"https:\/\/thomaswillems.de\/moto\/?page_id=1536","url":"https:\/\/thomaswillems.de\/moto\/?page_id=1536","name":"Mopeds - Thomas Willems MOTO","isPartOf":{"@id":"https:\/\/thomaswillems.de\/moto\/#website"},"datePublished":"2021-08-17T13:33:34+00:00","dateModified":"2021-08-17T13:33:34+00:00","breadcrumb":{"@id":"https:\/\/thomaswillems.de\/moto\/?page_id=1536#breadcrumb"},"inLanguage":"de-DE","potentialAction":[{"@type":"ReadAction","target":["https:\/\/thomaswillems.de\/moto\/?page_id=1536"]}]},{"@type":"BreadcrumbList","@id":"https:\/\/thomaswillems.de\/moto\/?page_id=1536#breadcrumb","itemListElement":[{"@type":"ListItem","position":1,"name":"Home","item":"https:\/\/thomaswillems.de\/moto\/"},{"@type":"ListItem","position":2,"name":"Mopeds"}]},{"@type":"WebSite","@id":"https:\/\/thomaswillems.de\/moto\/#website","url":"https:\/\/thomaswillems.de\/moto\/","name":"Thomas Willems MOTO","description":"","publisher":{"@id":"https:\/\/thomaswillems.de\/moto\/#\/schema\/person\/2a305c0c00fce7e7fae0967163ca1fd9"},"potentialAction":[{"@type":"SearchAction","target":{"@type":"EntryPoint","urlTemplate":"https:\/\/thomaswillems.de\/moto\/?s={search_term_string}"},"query-input":"required name=search_term_string"}],"inLanguage":"de-DE"},{"@type":["Person","Organization"],"@id":"https:\/\/thomaswillems.de\/moto\/#\/schema\/person\/2a305c0c00fce7e7fae0967163ca1fd9","name":"Tom","image":{"@type":"ImageObject","inLanguage":"de-DE","@id":"https:\/\/thomaswillems.de\/moto\/#\/schema\/person\/image\/","url":"https:\/\/thomaswillems.de\/moto\/wp-content\/uploads\/2020\/08\/cropped-header02.png","contentUrl":"https:\/\/thomaswillems.de\/moto\/wp-content\/uploads\/2020\/08\/cropped-header02.png","width":483,"height":38,"caption":"Tom"},"logo":{"@id":"https:\/\/thomaswillems.de\/moto\/#\/schema\/person\/image\/"}}]}},"_links":{"self":[{"href":"https:\/\/thomaswillems.de\/moto\/index.php?rest_route=\/wp\/v2\/pages\/1536"}],"collection":[{"href":"https:\/\/thomaswillems.de\/moto\/index.php?rest_route=\/wp\/v2\/pages"}],"about":[{"href":"https:\/\/thomaswillems.de\/moto\/index.php?rest_route=\/wp\/v2\/types\/page"}],"author":[{"embeddable":true,"href":"https:\/\/thomaswillems.de\/moto\/index.php?rest_route=\/wp\/v2\/users\/1"}],"replies":[{"embeddable":true,"href":"https:\/\/thomaswillems.de\/moto\/index.php?rest_route=%2Fwp%2Fv2%2Fcomments&post=1536"}],"version-history":[{"count":1,"href":"https:\/\/thomaswillems.de\/moto\/index.php?rest_route=\/wp\/v2\/pages\/1536\/revisions"}],"predecessor-version":[{"id":1537,"href":"https:\/\/thomaswillems.de\/moto\/index.php?rest_route=\/wp\/v2\/pages\/1536\/revisions\/1537"}],"wp:attachment":[{"href":"https:\/\/thomaswillems.de\/moto\/index.php?rest_route=%2Fwp%2Fv2%2Fmedia&parent=1536"}],"curies":[{"name":"wp","href":"https:\/\/api.w.org\/{rel}","templated":true}]}}