{"id":1543,"date":"2021-08-17T13:52:23","date_gmt":"2021-08-17T13:52:23","guid":{"rendered":"https:\/\/thomaswillems.de\/wordpress\/?page_id=1543"},"modified":"2021-08-17T13:55:12","modified_gmt":"2021-08-17T13:55:12","slug":"navi","status":"publish","type":"page","link":"https:\/\/thomaswillems.de\/moto\/?page_id=1543","title":{"rendered":"Navi"},"content":{"rendered":"\n<p>Die ersten Jahre, insbesondere mit der CBF1000, bin ich mit einem &#8222;alten&#8220; Autonavi gefahren. Hat wunderbar funktioniert und ich bin \u00fcberall angekommen und hab auch wieder nachhause gefunden.<\/p>\n\n\n\n<p>Aber ich hab ganz sicher viele viele sch\u00f6ne Strecken verpasst, da ich halt keine Einstellung hatte die kurvige Strecken aussucht.<\/p>\n\n\n\n<p>Zum Crosstourer hab ich dann ein TomTom Rider 400 bekommen und muss sagen dass ich damit noch sehr zufrieden bin.<\/p>\n\n\n\n<p>Ob mit MyDrive am PC oder Smartphone geplante Routen oder Ziele im Navi eingeben, eigentlich immer wird eine wirklich tolle Strecke gefunden. <\/p>\n\n\n\n<p>Manchmal gehen kleine Strassen in Schotterwege \u00fcber &#8211; Manchmal f\u00fchrt eine kurvige Route durch ein Wohngebiet statt \u00fcber die Umgehungsstrasse &#8211; aber eigentlich immer finde ich damit kleine Wege und Str\u00e4sschen die toll zu fahren sind und genau das sind was ich suche.<\/p>\n\n\n\n<p>Verbindung zu meinem Android Phone f\u00fcr Routenupdates, Verkehrsmeldungen oder auch Anrufe funktioniert gut. Ebenfalls die Verbindung zu meinem ChinaHeadset von Wayxin. 30 euro headset f\u00fcr etwas Musik ab und an (Autobahn)  und Routenanweisungen ist top und funktioniert bestens.<\/p>\n\n\n\n<figure class=\"wp-block-image size-large\"><img loading=\"lazy\" decoding=\"async\" width=\"300\" height=\"200\" src=\"https:\/\/thomaswillems.de\/moto\/wp-content\/uploads\/2021\/08\/tomtom_rider_400_big-300x200-1.jpg\" alt=\"\" class=\"wp-image-1544\"\/><\/figure>\n\n\n\n<figure class=\"wp-block-image size-large is-resized\"><img loading=\"lazy\" decoding=\"async\" src=\"https:\/\/thomaswillems.de\/moto\/wp-content\/uploads\/2021\/08\/5b3b6c77c56f891ed65409dc-large.jpg\" alt=\"\" class=\"wp-image-1545\" width=\"280\" height=\"280\" srcset=\"https:\/\/thomaswillems.de\/moto\/wp-content\/uploads\/2021\/08\/5b3b6c77c56f891ed65409dc-large.jpg 600w, https:\/\/thomaswillems.de\/moto\/wp-content\/uploads\/2021\/08\/5b3b6c77c56f891ed65409dc-large-300x300.jpg 300w, https:\/\/thomaswillems.de\/moto\/wp-content\/uploads\/2021\/08\/5b3b6c77c56f891ed65409dc-large-150x150.jpg 150w\" sizes=\"(max-width: 280px) 100vw, 280px\" \/><\/figure>\n\n\n\n<p>  <\/p>\n","protected":false},"excerpt":{"rendered":"<p>Die ersten Jahre, insbesondere mit der CBF1000, bin ich mit einem &#8222;alten&#8220; Autonavi gefahren. Hat wunderbar funktioniert und ich bin \u00fcberall angekommen und hab auch wieder nachhause gefunden. Aber ich hab ganz sicher viele viele sch\u00f6ne Strecken verpasst, da ich&#8230;<br \/><a class=\"read-more-button\" href=\"https:\/\/thomaswillems.de\/moto\/?page_id=1543\">Read more<\/a><\/p>\n","protected":false},"author":1,"featured_media":0,"parent":0,"menu_order":0,"comment_status":"closed","ping_status":"closed","template":"","meta":{"ngg_post_thumbnail":0,"footnotes":""},"yoast_head":"<!-- This site is optimized with the Yoast SEO plugin v19.14 - https:\/\/yoast.com\/wordpress\/plugins\/seo\/ -->\n<title>Navi - Thomas Willems MOTO<\/title>\n<meta name=\"robots\" content=\"noindex, follow, max-snippet:-1, max-image-preview:large, max-video-preview:-1\" \/>\n<meta property=\"og:locale\" content=\"de_DE\" \/>\n<meta property=\"og:type\" content=\"article\" \/>\n<meta property=\"og:title\" content=\"Navi - Thomas Willems MOTO\" \/>\n<meta property=\"og:description\" content=\"Die ersten Jahre, insbesondere mit der CBF1000, bin ich mit einem &#8222;alten&#8220; Autonavi gefahren. Hat wunderbar funktioniert und ich bin \u00fcberall angekommen und hab auch wieder nachhause gefunden. Aber ich hab ganz sicher viele viele sch\u00f6ne Strecken verpasst, da ich...Read more\" \/>\n<meta property=\"og:url\" content=\"https:\/\/thomaswillems.de\/moto\/?page_id=1543\" \/>\n<meta property=\"og:site_name\" content=\"Thomas Willems MOTO\" \/>\n<meta property=\"article:modified_time\" content=\"2021-08-17T13:55:12+00:00\" \/>\n<meta property=\"og:image\" content=\"https:\/\/thomaswillems.de\/moto\/wp-content\/uploads\/2021\/08\/tomtom_rider_400_big-300x200-1.jpg\" \/>\n<meta name=\"twitter:card\" content=\"summary_large_image\" \/>\n<meta name=\"twitter:label1\" content=\"Gesch\u00e4tzte Lesezeit\" \/>\n\t<meta name=\"twitter:data1\" content=\"1 Minute\" \/>\n<script type=\"application\/ld+json\" class=\"yoast-schema-graph\">{\"@context\":\"https:\/\/schema.org\",\"@graph\":[{\"@type\":\"WebPage\",\"@id\":\"https:\/\/thomaswillems.de\/moto\/?page_id=1543\",\"url\":\"https:\/\/thomaswillems.de\/moto\/?page_id=1543\",\"name\":\"Navi - Thomas Willems MOTO\",\"isPartOf\":{\"@id\":\"https:\/\/thomaswillems.de\/moto\/#website\"},\"datePublished\":\"2021-08-17T13:52:23+00:00\",\"dateModified\":\"2021-08-17T13:55:12+00:00\",\"breadcrumb\":{\"@id\":\"https:\/\/thomaswillems.de\/moto\/?page_id=1543#breadcrumb\"},\"inLanguage\":\"de-DE\",\"potentialAction\":[{\"@type\":\"ReadAction\",\"target\":[\"https:\/\/thomaswillems.de\/moto\/?page_id=1543\"]}]},{\"@type\":\"BreadcrumbList\",\"@id\":\"https:\/\/thomaswillems.de\/moto\/?page_id=1543#breadcrumb\",\"itemListElement\":[{\"@type\":\"ListItem\",\"position\":1,\"name\":\"Home\",\"item\":\"https:\/\/thomaswillems.de\/moto\/\"},{\"@type\":\"ListItem\",\"position\":2,\"name\":\"Navi\"}]},{\"@type\":\"WebSite\",\"@id\":\"https:\/\/thomaswillems.de\/moto\/#website\",\"url\":\"https:\/\/thomaswillems.de\/moto\/\",\"name\":\"Thomas Willems MOTO\",\"description\":\"\",\"publisher\":{\"@id\":\"https:\/\/thomaswillems.de\/moto\/#\/schema\/person\/2a305c0c00fce7e7fae0967163ca1fd9\"},\"potentialAction\":[{\"@type\":\"SearchAction\",\"target\":{\"@type\":\"EntryPoint\",\"urlTemplate\":\"https:\/\/thomaswillems.de\/moto\/?s={search_term_string}\"},\"query-input\":\"required name=search_term_string\"}],\"inLanguage\":\"de-DE\"},{\"@type\":[\"Person\",\"Organization\"],\"@id\":\"https:\/\/thomaswillems.de\/moto\/#\/schema\/person\/2a305c0c00fce7e7fae0967163ca1fd9\",\"name\":\"Tom\",\"image\":{\"@type\":\"ImageObject\",\"inLanguage\":\"de-DE\",\"@id\":\"https:\/\/thomaswillems.de\/moto\/#\/schema\/person\/image\/\",\"url\":\"https:\/\/thomaswillems.de\/moto\/wp-content\/uploads\/2020\/08\/cropped-header02.png\",\"contentUrl\":\"https:\/\/thomaswillems.de\/moto\/wp-content\/uploads\/2020\/08\/cropped-header02.png\",\"width\":483,\"height\":38,\"caption\":\"Tom\"},\"logo\":{\"@id\":\"https:\/\/thomaswillems.de\/moto\/#\/schema\/person\/image\/\"}}]}<\/script>\n<!-- \/ Yoast SEO plugin. -->","yoast_head_json":{"title":"Navi - Thomas Willems MOTO","robots":{"index":"noindex","follow":"follow","max-snippet":"max-snippet:-1","max-image-preview":"max-image-preview:large","max-video-preview":"max-video-preview:-1"},"og_locale":"de_DE","og_type":"article","og_title":"Navi - Thomas Willems MOTO","og_description":"Die ersten Jahre, insbesondere mit der CBF1000, bin ich mit einem &#8222;alten&#8220; Autonavi gefahren. Hat wunderbar funktioniert und ich bin \u00fcberall angekommen und hab auch wieder nachhause gefunden. Aber ich hab ganz sicher viele viele sch\u00f6ne Strecken verpasst, da ich...Read more","og_url":"https:\/\/thomaswillems.de\/moto\/?page_id=1543","og_site_name":"Thomas Willems MOTO","article_modified_time":"2021-08-17T13:55:12+00:00","og_image":[{"url":"https:\/\/thomaswillems.de\/moto\/wp-content\/uploads\/2021\/08\/tomtom_rider_400_big-300x200-1.jpg"}],"twitter_card":"summary_large_image","twitter_misc":{"Gesch\u00e4tzte Lesezeit":"1 Minute"},"schema":{"@context":"https:\/\/schema.org","@graph":[{"@type":"WebPage","@id":"https:\/\/thomaswillems.de\/moto\/?page_id=1543","url":"https:\/\/thomaswillems.de\/moto\/?page_id=1543","name":"Navi - Thomas Willems MOTO","isPartOf":{"@id":"https:\/\/thomaswillems.de\/moto\/#website"},"datePublished":"2021-08-17T13:52:23+00:00","dateModified":"2021-08-17T13:55:12+00:00","breadcrumb":{"@id":"https:\/\/thomaswillems.de\/moto\/?page_id=1543#breadcrumb"},"inLanguage":"de-DE","potentialAction":[{"@type":"ReadAction","target":["https:\/\/thomaswillems.de\/moto\/?page_id=1543"]}]},{"@type":"BreadcrumbList","@id":"https:\/\/thomaswillems.de\/moto\/?page_id=1543#breadcrumb","itemListElement":[{"@type":"ListItem","position":1,"name":"Home","item":"https:\/\/thomaswillems.de\/moto\/"},{"@type":"ListItem","position":2,"name":"Navi"}]},{"@type":"WebSite","@id":"https:\/\/thomaswillems.de\/moto\/#website","url":"https:\/\/thomaswillems.de\/moto\/","name":"Thomas Willems MOTO","description":"","publisher":{"@id":"https:\/\/thomaswillems.de\/moto\/#\/schema\/person\/2a305c0c00fce7e7fae0967163ca1fd9"},"potentialAction":[{"@type":"SearchAction","target":{"@type":"EntryPoint","urlTemplate":"https:\/\/thomaswillems.de\/moto\/?s={search_term_string}"},"query-input":"required name=search_term_string"}],"inLanguage":"de-DE"},{"@type":["Person","Organization"],"@id":"https:\/\/thomaswillems.de\/moto\/#\/schema\/person\/2a305c0c00fce7e7fae0967163ca1fd9","name":"Tom","image":{"@type":"ImageObject","inLanguage":"de-DE","@id":"https:\/\/thomaswillems.de\/moto\/#\/schema\/person\/image\/","url":"https:\/\/thomaswillems.de\/moto\/wp-content\/uploads\/2020\/08\/cropped-header02.png","contentUrl":"https:\/\/thomaswillems.de\/moto\/wp-content\/uploads\/2020\/08\/cropped-header02.png","width":483,"height":38,"caption":"Tom"},"logo":{"@id":"https:\/\/thomaswillems.de\/moto\/#\/schema\/person\/image\/"}}]}},"_links":{"self":[{"href":"https:\/\/thomaswillems.de\/moto\/index.php?rest_route=\/wp\/v2\/pages\/1543"}],"collection":[{"href":"https:\/\/thomaswillems.de\/moto\/index.php?rest_route=\/wp\/v2\/pages"}],"about":[{"href":"https:\/\/thomaswillems.de\/moto\/index.php?rest_route=\/wp\/v2\/types\/page"}],"author":[{"embeddable":true,"href":"https:\/\/thomaswillems.de\/moto\/index.php?rest_route=\/wp\/v2\/users\/1"}],"replies":[{"embeddable":true,"href":"https:\/\/thomaswillems.de\/moto\/index.php?rest_route=%2Fwp%2Fv2%2Fcomments&post=1543"}],"version-history":[{"count":1,"href":"https:\/\/thomaswillems.de\/moto\/index.php?rest_route=\/wp\/v2\/pages\/1543\/revisions"}],"predecessor-version":[{"id":1546,"href":"https:\/\/thomaswillems.de\/moto\/index.php?rest_route=\/wp\/v2\/pages\/1543\/revisions\/1546"}],"wp:attachment":[{"href":"https:\/\/thomaswillems.de\/moto\/index.php?rest_route=%2Fwp%2Fv2%2Fmedia&parent=1543"}],"curies":[{"name":"wp","href":"https:\/\/api.w.org\/{rel}","templated":true}]}}