{"id":1642,"date":"2021-09-30T10:25:26","date_gmt":"2021-09-30T10:25:26","guid":{"rendered":"https:\/\/thomaswillems.de\/wordpress\/?page_id=1642"},"modified":"2021-09-30T13:26:30","modified_gmt":"2021-09-30T13:26:30","slug":"pedelec","status":"publish","type":"page","link":"https:\/\/thomaswillems.de\/moto\/?page_id=1642","title":{"rendered":"Pedelec"},"content":{"rendered":"\n<p>Lange habe ich mich dem neuen Trend zum Elektrofahrrad verschlossen.<\/p>\n\n\n\n<p>Die Pedelecker mit ihren Fahrr\u00e4dern mit Hilfsmotor haben mich beim Motorradfahren teilweise schwer genervt. Sind sie doch dank der Motorunterst\u00fctzung an Stellen aufgetaucht wo fr\u00fcher nie ein Radfahrer zu sehen war. Weit weg von jeglicher Zivilisation, an Steigungen, auf H\u00e4henz\u00fcgen, usw.. An mit einem normalen Fahrrad unerreichbaren Stellen, tauchen die jetzt gerne als P\u00e4rchen auf der Landstrasse auf, die mit 25Kmh nat\u00fcrlich nebeneinander am rumeiern sind. Man muss sich ja gescheit unterhalten k\u00f6nnen beim Pedelecken.<\/p>\n\n\n\n<p>Mehr und mehr haben die Dinger aber Einzug gehalten in der Familie und Freundeskreis. Mit auf Tour mit einem normalen Fahrrad war, in meinem Trainingszustand, schlicht unm\u00f6glich.<\/p>\n\n\n\n<p>Nachdem meine Frau im Fr\u00fchsommer 2021 auch so ein Ding bekam, war ich dann auch an der Reihe.<\/p>\n\n\n\n<p>Da in den lokalen Fahrradgesch\u00e4ften, entweder gar nix mehr zu bekommen war (zumindest in normaler Preisklasse) oder nur zu horrenden Preisen, kam ich auf den Online Hersteller NCM und das Moscow+. Foren und Tests waren soweit OK, Probleme gibts ja mit jedem technischen\/mechanischem Ger\u00e4t. Ein Gespr\u00e4ch mit einem Besitzer in F w\u00e4hrend der Vogesentour war auch gut, der war sehr zufrieden mit seinem NCM.<\/p>\n\n\n\n<figure class=\"wp-block-image size-large\"><img loading=\"lazy\" decoding=\"async\" width=\"1024\" height=\"768\" src=\"https:\/\/thomaswillems.de\/moto\/wp-content\/uploads\/2021\/09\/IMG_20210907_125607-1024x768.jpg\" alt=\"\" class=\"wp-image-1643\" srcset=\"https:\/\/thomaswillems.de\/moto\/wp-content\/uploads\/2021\/09\/IMG_20210907_125607-1024x768.jpg 1024w, https:\/\/thomaswillems.de\/moto\/wp-content\/uploads\/2021\/09\/IMG_20210907_125607-300x225.jpg 300w, https:\/\/thomaswillems.de\/moto\/wp-content\/uploads\/2021\/09\/IMG_20210907_125607-768x576.jpg 768w, https:\/\/thomaswillems.de\/moto\/wp-content\/uploads\/2021\/09\/IMG_20210907_125607.jpg 1134w\" sizes=\"(max-width: 1024px) 100vw, 1024px\" \/><\/figure>\n\n\n\n<p>Schnell geliefert, schnell fahrfertig gemacht und schnell die ersten Touren gemacht. Bis jetzt (Stand 03\/2021 mit knapp 500km) bin ich sehr zufrieden. F\u00fcr 1600 euro zu haben &#8211; &#8217;normale&#8216; Einsteiger-R\u00e4der namhafter Hersteller wurden mir in L\u00e4den ab 3000 euro aufw\u00e4rts angeboten. Sicher nicht High-End Qualit\u00e4t, aber alles dran was man braucht und l\u00e4uft super. Wenn es einige TKm keine Probleme machen sollte, war das eine gute Wahl.<\/p>\n\n\n\n<p>Und ich muss zugeben, es macht auch Spass. Mehr oder weniger ohne Anstrengung weiter fahren als bisher und vor allem Wege fahren die vorher nich m\u00f6glich waren. Einfach mal dem normalen Radweg entkommen und \u00fcber die Weinberge fahren. Einfach mal hochfahren nur um die Aussicht zu geniessen. Mal eine l\u00e4ngere Strecke auf und ab mitten durch den Wald. Als Pedelecker wird man halt auf Wegen geduldet, wo einen sonst der gemeine Wanderer vom Motorrad werfen w\u00fcrde.<\/p>\n\n\n\n<figure class=\"wp-block-embed is-type-video is-provider-youtube wp-block-embed-youtube wp-embed-aspect-16-9 wp-has-aspect-ratio\"><div class=\"wp-block-embed__wrapper\">\n<iframe loading=\"lazy\" title=\"Radtour 22.09.2021\" width=\"734\" height=\"413\" src=\"https:\/\/www.youtube.com\/embed\/-aWD7rLo6kg?feature=oembed\" frameborder=\"0\" allow=\"accelerometer; autoplay; clipboard-write; encrypted-media; gyroscope; picture-in-picture\" allowfullscreen><\/iframe>\n<\/div><\/figure>\n\n\n\n<p>Sowas hier halt, 40 km, davon gut die H\u00e4lfte durch recht unwegsames Gel\u00e4nge des Meulenwalds. Mit dem ein oder anderen knackigem Anstieg, oder zumindest f\u00fcr uns Fussg\u00e4nger, auch schon steilen Abfahrten.<\/p>\n\n\n\n<p>Also eine sch\u00f6ne, abwechslungsreiche Tour, mit einem guten Ende (Essen im Blockhaus).<\/p>\n\n\n\n<figure class=\"wp-block-embed is-type-video is-provider-youtube wp-block-embed-youtube wp-embed-aspect-16-9 wp-has-aspect-ratio\"><div class=\"wp-block-embed__wrapper\">\n<iframe loading=\"lazy\" title=\"22521328001 relive tracker 1631470946023\" width=\"734\" height=\"413\" src=\"https:\/\/www.youtube.com\/embed\/8gzmzskacbU?feature=oembed\" frameborder=\"0\" allow=\"accelerometer; autoplay; clipboard-write; encrypted-media; gyroscope; picture-in-picture\" allowfullscreen><\/iframe>\n<\/div><\/figure>\n\n\n\n<p>Sch\u00f6ne Runde zu viert, Mosel entlang, Kl\u00fcsserath hoch zur Wetterstation mit sonniger Rast und Wildbratwurst, in Longuich noch einen Absacker und \u00fcbern Berg nachhause.<\/p>\n","protected":false},"excerpt":{"rendered":"<p>Lange habe ich mich dem neuen Trend zum Elektrofahrrad verschlossen. Die Pedelecker mit ihren Fahrr\u00e4dern mit Hilfsmotor haben mich beim Motorradfahren teilweise schwer genervt. Sind sie doch dank der Motorunterst\u00fctzung an Stellen aufgetaucht wo fr\u00fcher nie ein Radfahrer zu sehen&#8230;<br \/><a class=\"read-more-button\" href=\"https:\/\/thomaswillems.de\/moto\/?page_id=1642\">Read more<\/a><\/p>\n","protected":false},"author":1,"featured_media":0,"parent":0,"menu_order":0,"comment_status":"closed","ping_status":"closed","template":"","meta":{"ngg_post_thumbnail":0,"footnotes":""},"yoast_head":"<!-- This site is optimized with the Yoast SEO plugin v19.14 - https:\/\/yoast.com\/wordpress\/plugins\/seo\/ -->\n<title>Pedelec - Thomas Willems MOTO<\/title>\n<meta name=\"robots\" content=\"noindex, follow, max-snippet:-1, max-image-preview:large, max-video-preview:-1\" \/>\n<meta property=\"og:locale\" content=\"de_DE\" \/>\n<meta property=\"og:type\" content=\"article\" \/>\n<meta property=\"og:title\" content=\"Pedelec - Thomas Willems MOTO\" \/>\n<meta property=\"og:description\" content=\"Lange habe ich mich dem neuen Trend zum Elektrofahrrad verschlossen. Die Pedelecker mit ihren Fahrr\u00e4dern mit Hilfsmotor haben mich beim Motorradfahren teilweise schwer genervt. Sind sie doch dank der Motorunterst\u00fctzung an Stellen aufgetaucht wo fr\u00fcher nie ein Radfahrer zu sehen...Read more\" \/>\n<meta property=\"og:url\" content=\"https:\/\/thomaswillems.de\/moto\/?page_id=1642\" \/>\n<meta property=\"og:site_name\" content=\"Thomas Willems MOTO\" \/>\n<meta property=\"article:modified_time\" content=\"2021-09-30T13:26:30+00:00\" \/>\n<meta property=\"og:image\" content=\"https:\/\/thomaswillems.de\/moto\/wp-content\/uploads\/2021\/09\/IMG_20210907_125607-1024x768.jpg\" \/>\n<meta name=\"twitter:card\" content=\"summary_large_image\" \/>\n<meta name=\"twitter:label1\" content=\"Gesch\u00e4tzte Lesezeit\" \/>\n\t<meta name=\"twitter:data1\" content=\"2 Minuten\" \/>\n<script type=\"application\/ld+json\" class=\"yoast-schema-graph\">{\"@context\":\"https:\/\/schema.org\",\"@graph\":[{\"@type\":\"WebPage\",\"@id\":\"https:\/\/thomaswillems.de\/moto\/?page_id=1642\",\"url\":\"https:\/\/thomaswillems.de\/moto\/?page_id=1642\",\"name\":\"Pedelec - Thomas Willems MOTO\",\"isPartOf\":{\"@id\":\"https:\/\/thomaswillems.de\/moto\/#website\"},\"datePublished\":\"2021-09-30T10:25:26+00:00\",\"dateModified\":\"2021-09-30T13:26:30+00:00\",\"breadcrumb\":{\"@id\":\"https:\/\/thomaswillems.de\/moto\/?page_id=1642#breadcrumb\"},\"inLanguage\":\"de-DE\",\"potentialAction\":[{\"@type\":\"ReadAction\",\"target\":[\"https:\/\/thomaswillems.de\/moto\/?page_id=1642\"]}]},{\"@type\":\"BreadcrumbList\",\"@id\":\"https:\/\/thomaswillems.de\/moto\/?page_id=1642#breadcrumb\",\"itemListElement\":[{\"@type\":\"ListItem\",\"position\":1,\"name\":\"Home\",\"item\":\"https:\/\/thomaswillems.de\/moto\/\"},{\"@type\":\"ListItem\",\"position\":2,\"name\":\"Pedelec\"}]},{\"@type\":\"WebSite\",\"@id\":\"https:\/\/thomaswillems.de\/moto\/#website\",\"url\":\"https:\/\/thomaswillems.de\/moto\/\",\"name\":\"Thomas Willems MOTO\",\"description\":\"\",\"publisher\":{\"@id\":\"https:\/\/thomaswillems.de\/moto\/#\/schema\/person\/2a305c0c00fce7e7fae0967163ca1fd9\"},\"potentialAction\":[{\"@type\":\"SearchAction\",\"target\":{\"@type\":\"EntryPoint\",\"urlTemplate\":\"https:\/\/thomaswillems.de\/moto\/?s={search_term_string}\"},\"query-input\":\"required name=search_term_string\"}],\"inLanguage\":\"de-DE\"},{\"@type\":[\"Person\",\"Organization\"],\"@id\":\"https:\/\/thomaswillems.de\/moto\/#\/schema\/person\/2a305c0c00fce7e7fae0967163ca1fd9\",\"name\":\"Tom\",\"image\":{\"@type\":\"ImageObject\",\"inLanguage\":\"de-DE\",\"@id\":\"https:\/\/thomaswillems.de\/moto\/#\/schema\/person\/image\/\",\"url\":\"https:\/\/thomaswillems.de\/moto\/wp-content\/uploads\/2020\/08\/cropped-header02.png\",\"contentUrl\":\"https:\/\/thomaswillems.de\/moto\/wp-content\/uploads\/2020\/08\/cropped-header02.png\",\"width\":483,\"height\":38,\"caption\":\"Tom\"},\"logo\":{\"@id\":\"https:\/\/thomaswillems.de\/moto\/#\/schema\/person\/image\/\"}}]}<\/script>\n<!-- \/ Yoast SEO plugin. -->","yoast_head_json":{"title":"Pedelec - Thomas Willems MOTO","robots":{"index":"noindex","follow":"follow","max-snippet":"max-snippet:-1","max-image-preview":"max-image-preview:large","max-video-preview":"max-video-preview:-1"},"og_locale":"de_DE","og_type":"article","og_title":"Pedelec - Thomas Willems MOTO","og_description":"Lange habe ich mich dem neuen Trend zum Elektrofahrrad verschlossen. Die Pedelecker mit ihren Fahrr\u00e4dern mit Hilfsmotor haben mich beim Motorradfahren teilweise schwer genervt. Sind sie doch dank der Motorunterst\u00fctzung an Stellen aufgetaucht wo fr\u00fcher nie ein Radfahrer zu sehen...Read more","og_url":"https:\/\/thomaswillems.de\/moto\/?page_id=1642","og_site_name":"Thomas Willems MOTO","article_modified_time":"2021-09-30T13:26:30+00:00","og_image":[{"url":"https:\/\/thomaswillems.de\/moto\/wp-content\/uploads\/2021\/09\/IMG_20210907_125607-1024x768.jpg"}],"twitter_card":"summary_large_image","twitter_misc":{"Gesch\u00e4tzte Lesezeit":"2 Minuten"},"schema":{"@context":"https:\/\/schema.org","@graph":[{"@type":"WebPage","@id":"https:\/\/thomaswillems.de\/moto\/?page_id=1642","url":"https:\/\/thomaswillems.de\/moto\/?page_id=1642","name":"Pedelec - Thomas Willems MOTO","isPartOf":{"@id":"https:\/\/thomaswillems.de\/moto\/#website"},"datePublished":"2021-09-30T10:25:26+00:00","dateModified":"2021-09-30T13:26:30+00:00","breadcrumb":{"@id":"https:\/\/thomaswillems.de\/moto\/?page_id=1642#breadcrumb"},"inLanguage":"de-DE","potentialAction":[{"@type":"ReadAction","target":["https:\/\/thomaswillems.de\/moto\/?page_id=1642"]}]},{"@type":"BreadcrumbList","@id":"https:\/\/thomaswillems.de\/moto\/?page_id=1642#breadcrumb","itemListElement":[{"@type":"ListItem","position":1,"name":"Home","item":"https:\/\/thomaswillems.de\/moto\/"},{"@type":"ListItem","position":2,"name":"Pedelec"}]},{"@type":"WebSite","@id":"https:\/\/thomaswillems.de\/moto\/#website","url":"https:\/\/thomaswillems.de\/moto\/","name":"Thomas Willems MOTO","description":"","publisher":{"@id":"https:\/\/thomaswillems.de\/moto\/#\/schema\/person\/2a305c0c00fce7e7fae0967163ca1fd9"},"potentialAction":[{"@type":"SearchAction","target":{"@type":"EntryPoint","urlTemplate":"https:\/\/thomaswillems.de\/moto\/?s={search_term_string}"},"query-input":"required name=search_term_string"}],"inLanguage":"de-DE"},{"@type":["Person","Organization"],"@id":"https:\/\/thomaswillems.de\/moto\/#\/schema\/person\/2a305c0c00fce7e7fae0967163ca1fd9","name":"Tom","image":{"@type":"ImageObject","inLanguage":"de-DE","@id":"https:\/\/thomaswillems.de\/moto\/#\/schema\/person\/image\/","url":"https:\/\/thomaswillems.de\/moto\/wp-content\/uploads\/2020\/08\/cropped-header02.png","contentUrl":"https:\/\/thomaswillems.de\/moto\/wp-content\/uploads\/2020\/08\/cropped-header02.png","width":483,"height":38,"caption":"Tom"},"logo":{"@id":"https:\/\/thomaswillems.de\/moto\/#\/schema\/person\/image\/"}}]}},"_links":{"self":[{"href":"https:\/\/thomaswillems.de\/moto\/index.php?rest_route=\/wp\/v2\/pages\/1642"}],"collection":[{"href":"https:\/\/thomaswillems.de\/moto\/index.php?rest_route=\/wp\/v2\/pages"}],"about":[{"href":"https:\/\/thomaswillems.de\/moto\/index.php?rest_route=\/wp\/v2\/types\/page"}],"author":[{"embeddable":true,"href":"https:\/\/thomaswillems.de\/moto\/index.php?rest_route=\/wp\/v2\/users\/1"}],"replies":[{"embeddable":true,"href":"https:\/\/thomaswillems.de\/moto\/index.php?rest_route=%2Fwp%2Fv2%2Fcomments&post=1642"}],"version-history":[{"count":6,"href":"https:\/\/thomaswillems.de\/moto\/index.php?rest_route=\/wp\/v2\/pages\/1642\/revisions"}],"predecessor-version":[{"id":1658,"href":"https:\/\/thomaswillems.de\/moto\/index.php?rest_route=\/wp\/v2\/pages\/1642\/revisions\/1658"}],"wp:attachment":[{"href":"https:\/\/thomaswillems.de\/moto\/index.php?rest_route=%2Fwp%2Fv2%2Fmedia&parent=1642"}],"curies":[{"name":"wp","href":"https:\/\/api.w.org\/{rel}","templated":true}]}}