{"id":79,"date":"2020-01-06T14:15:56","date_gmt":"2020-01-06T14:15:56","guid":{"rendered":"https:\/\/thomaswillems.de\/wordpress\/?page_id=79"},"modified":"2020-01-10T14:59:13","modified_gmt":"2020-01-10T14:59:13","slug":"fotos","status":"publish","type":"page","link":"https:\/\/thomaswillems.de\/moto\/?page_id=79","title":{"rendered":"Fotos"},"content":{"rendered":"\n<p>Ich bin eher ein untypischer Tourenfahrer. Ich fahre sehr gerne, mach aber auch genauso gerne Pausen. Wenn ich einen tollen Pausenplatz sehe, dann mach ich da Pause. Auch wenn die letzte vielleicht erst eine halbe Stunde her ist.<\/p>\n\n\n\n<p>Ich fahre auch schon des\u00f6fteren irgendwelchen Schildern nach. Ob das eine Burg, ein Schloss, Aussichtsturm, See, Teich oder was auch immer ist. <\/p>\n\n\n\n<p>Daher bin ich oft alleine unterwegs. In der Gruppe ist es schwer, mal eben wieder an einem tollen Angelweiher eine Pause zu machen. Oder ein paar Kilometer einem Hinweis hinterherzufahren, nur um dann umzudrehen weils doch nicht so toll ist. Kommt vor, aber ohne einfach mal Probieren, h\u00e4tte ich schon einige sch\u00f6ne Pl\u00e4tze nicht gefunden.<\/p>\n\n\n\n<p>Fotos von diesen Pl\u00e4tzen finden sich hier, sortiert nach Jahren.<\/p>\n\n\n\n<p>Und ich fahre gerne zu irgenwelchen Veranstaltungen. Supermoto, Wheels and Stones im Saarland, Oldtimerrennen in Luxemburg, Motorradrennen am N\u00fcrburgring, aber auch Traktorpulling oder Rasenm\u00e4herrennen in der Eifel.<\/p>\n\n\n\n<p><\/p>\n\n\n\n<p>Fahren, Pause machen mit was anschauen, fahren&#8230; <\/p>\n","protected":false},"excerpt":{"rendered":"<p>Ich bin eher ein untypischer Tourenfahrer. Ich fahre sehr gerne, mach aber auch genauso gerne Pausen. Wenn ich einen tollen Pausenplatz sehe, dann mach ich da Pause. Auch wenn die letzte vielleicht erst eine halbe Stunde her ist. Ich fahre&#8230;<br \/><a class=\"read-more-button\" href=\"https:\/\/thomaswillems.de\/moto\/?page_id=79\">Read more<\/a><\/p>\n","protected":false},"author":1,"featured_media":0,"parent":0,"menu_order":0,"comment_status":"closed","ping_status":"closed","template":"","meta":{"ngg_post_thumbnail":0,"footnotes":""},"yoast_head":"<!-- This site is optimized with the Yoast SEO plugin v19.14 - https:\/\/yoast.com\/wordpress\/plugins\/seo\/ -->\n<title>Fotos - Thomas Willems MOTO<\/title>\n<meta name=\"robots\" content=\"noindex, follow, max-snippet:-1, max-image-preview:large, max-video-preview:-1\" \/>\n<meta property=\"og:locale\" content=\"de_DE\" \/>\n<meta property=\"og:type\" content=\"article\" \/>\n<meta property=\"og:title\" content=\"Fotos - Thomas Willems MOTO\" \/>\n<meta property=\"og:description\" content=\"Ich bin eher ein untypischer Tourenfahrer. Ich fahre sehr gerne, mach aber auch genauso gerne Pausen. Wenn ich einen tollen Pausenplatz sehe, dann mach ich da Pause. Auch wenn die letzte vielleicht erst eine halbe Stunde her ist. Ich fahre...Read more\" \/>\n<meta property=\"og:url\" content=\"https:\/\/thomaswillems.de\/moto\/?page_id=79\" \/>\n<meta property=\"og:site_name\" content=\"Thomas Willems MOTO\" \/>\n<meta property=\"article:modified_time\" content=\"2020-01-10T14:59:13+00:00\" \/>\n<meta name=\"twitter:card\" content=\"summary_large_image\" \/>\n<meta name=\"twitter:label1\" content=\"Gesch\u00e4tzte Lesezeit\" \/>\n\t<meta name=\"twitter:data1\" content=\"1 Minute\" \/>\n<script type=\"application\/ld+json\" class=\"yoast-schema-graph\">{\"@context\":\"https:\/\/schema.org\",\"@graph\":[{\"@type\":\"WebPage\",\"@id\":\"https:\/\/thomaswillems.de\/moto\/?page_id=79\",\"url\":\"https:\/\/thomaswillems.de\/moto\/?page_id=79\",\"name\":\"Fotos - Thomas Willems MOTO\",\"isPartOf\":{\"@id\":\"https:\/\/thomaswillems.de\/moto\/#website\"},\"datePublished\":\"2020-01-06T14:15:56+00:00\",\"dateModified\":\"2020-01-10T14:59:13+00:00\",\"breadcrumb\":{\"@id\":\"https:\/\/thomaswillems.de\/moto\/?page_id=79#breadcrumb\"},\"inLanguage\":\"de-DE\",\"potentialAction\":[{\"@type\":\"ReadAction\",\"target\":[\"https:\/\/thomaswillems.de\/moto\/?page_id=79\"]}]},{\"@type\":\"BreadcrumbList\",\"@id\":\"https:\/\/thomaswillems.de\/moto\/?page_id=79#breadcrumb\",\"itemListElement\":[{\"@type\":\"ListItem\",\"position\":1,\"name\":\"Home\",\"item\":\"https:\/\/thomaswillems.de\/moto\/\"},{\"@type\":\"ListItem\",\"position\":2,\"name\":\"Fotos\"}]},{\"@type\":\"WebSite\",\"@id\":\"https:\/\/thomaswillems.de\/moto\/#website\",\"url\":\"https:\/\/thomaswillems.de\/moto\/\",\"name\":\"Thomas Willems MOTO\",\"description\":\"\",\"publisher\":{\"@id\":\"https:\/\/thomaswillems.de\/moto\/#\/schema\/person\/2a305c0c00fce7e7fae0967163ca1fd9\"},\"potentialAction\":[{\"@type\":\"SearchAction\",\"target\":{\"@type\":\"EntryPoint\",\"urlTemplate\":\"https:\/\/thomaswillems.de\/moto\/?s={search_term_string}\"},\"query-input\":\"required name=search_term_string\"}],\"inLanguage\":\"de-DE\"},{\"@type\":[\"Person\",\"Organization\"],\"@id\":\"https:\/\/thomaswillems.de\/moto\/#\/schema\/person\/2a305c0c00fce7e7fae0967163ca1fd9\",\"name\":\"Tom\",\"image\":{\"@type\":\"ImageObject\",\"inLanguage\":\"de-DE\",\"@id\":\"https:\/\/thomaswillems.de\/moto\/#\/schema\/person\/image\/\",\"url\":\"https:\/\/thomaswillems.de\/moto\/wp-content\/uploads\/2020\/08\/cropped-header02.png\",\"contentUrl\":\"https:\/\/thomaswillems.de\/moto\/wp-content\/uploads\/2020\/08\/cropped-header02.png\",\"width\":483,\"height\":38,\"caption\":\"Tom\"},\"logo\":{\"@id\":\"https:\/\/thomaswillems.de\/moto\/#\/schema\/person\/image\/\"}}]}<\/script>\n<!-- \/ Yoast SEO plugin. -->","yoast_head_json":{"title":"Fotos - Thomas Willems MOTO","robots":{"index":"noindex","follow":"follow","max-snippet":"max-snippet:-1","max-image-preview":"max-image-preview:large","max-video-preview":"max-video-preview:-1"},"og_locale":"de_DE","og_type":"article","og_title":"Fotos - Thomas Willems MOTO","og_description":"Ich bin eher ein untypischer Tourenfahrer. Ich fahre sehr gerne, mach aber auch genauso gerne Pausen. Wenn ich einen tollen Pausenplatz sehe, dann mach ich da Pause. Auch wenn die letzte vielleicht erst eine halbe Stunde her ist. Ich fahre...Read more","og_url":"https:\/\/thomaswillems.de\/moto\/?page_id=79","og_site_name":"Thomas Willems MOTO","article_modified_time":"2020-01-10T14:59:13+00:00","twitter_card":"summary_large_image","twitter_misc":{"Gesch\u00e4tzte Lesezeit":"1 Minute"},"schema":{"@context":"https:\/\/schema.org","@graph":[{"@type":"WebPage","@id":"https:\/\/thomaswillems.de\/moto\/?page_id=79","url":"https:\/\/thomaswillems.de\/moto\/?page_id=79","name":"Fotos - Thomas Willems MOTO","isPartOf":{"@id":"https:\/\/thomaswillems.de\/moto\/#website"},"datePublished":"2020-01-06T14:15:56+00:00","dateModified":"2020-01-10T14:59:13+00:00","breadcrumb":{"@id":"https:\/\/thomaswillems.de\/moto\/?page_id=79#breadcrumb"},"inLanguage":"de-DE","potentialAction":[{"@type":"ReadAction","target":["https:\/\/thomaswillems.de\/moto\/?page_id=79"]}]},{"@type":"BreadcrumbList","@id":"https:\/\/thomaswillems.de\/moto\/?page_id=79#breadcrumb","itemListElement":[{"@type":"ListItem","position":1,"name":"Home","item":"https:\/\/thomaswillems.de\/moto\/"},{"@type":"ListItem","position":2,"name":"Fotos"}]},{"@type":"WebSite","@id":"https:\/\/thomaswillems.de\/moto\/#website","url":"https:\/\/thomaswillems.de\/moto\/","name":"Thomas Willems MOTO","description":"","publisher":{"@id":"https:\/\/thomaswillems.de\/moto\/#\/schema\/person\/2a305c0c00fce7e7fae0967163ca1fd9"},"potentialAction":[{"@type":"SearchAction","target":{"@type":"EntryPoint","urlTemplate":"https:\/\/thomaswillems.de\/moto\/?s={search_term_string}"},"query-input":"required name=search_term_string"}],"inLanguage":"de-DE"},{"@type":["Person","Organization"],"@id":"https:\/\/thomaswillems.de\/moto\/#\/schema\/person\/2a305c0c00fce7e7fae0967163ca1fd9","name":"Tom","image":{"@type":"ImageObject","inLanguage":"de-DE","@id":"https:\/\/thomaswillems.de\/moto\/#\/schema\/person\/image\/","url":"https:\/\/thomaswillems.de\/moto\/wp-content\/uploads\/2020\/08\/cropped-header02.png","contentUrl":"https:\/\/thomaswillems.de\/moto\/wp-content\/uploads\/2020\/08\/cropped-header02.png","width":483,"height":38,"caption":"Tom"},"logo":{"@id":"https:\/\/thomaswillems.de\/moto\/#\/schema\/person\/image\/"}}]}},"_links":{"self":[{"href":"https:\/\/thomaswillems.de\/moto\/index.php?rest_route=\/wp\/v2\/pages\/79"}],"collection":[{"href":"https:\/\/thomaswillems.de\/moto\/index.php?rest_route=\/wp\/v2\/pages"}],"about":[{"href":"https:\/\/thomaswillems.de\/moto\/index.php?rest_route=\/wp\/v2\/types\/page"}],"author":[{"embeddable":true,"href":"https:\/\/thomaswillems.de\/moto\/index.php?rest_route=\/wp\/v2\/users\/1"}],"replies":[{"embeddable":true,"href":"https:\/\/thomaswillems.de\/moto\/index.php?rest_route=%2Fwp%2Fv2%2Fcomments&post=79"}],"version-history":[{"count":6,"href":"https:\/\/thomaswillems.de\/moto\/index.php?rest_route=\/wp\/v2\/pages\/79\/revisions"}],"predecessor-version":[{"id":357,"href":"https:\/\/thomaswillems.de\/moto\/index.php?rest_route=\/wp\/v2\/pages\/79\/revisions\/357"}],"wp:attachment":[{"href":"https:\/\/thomaswillems.de\/moto\/index.php?rest_route=%2Fwp%2Fv2%2Fmedia&parent=79"}],"curies":[{"name":"wp","href":"https:\/\/api.w.org\/{rel}","templated":true}]}}