{"id":9,"date":"2019-04-05T08:26:18","date_gmt":"2019-04-05T08:26:18","guid":{"rendered":"https:\/\/thomaswillems.de\/wordpress\/?page_id=9"},"modified":"2020-08-31T13:58:47","modified_gmt":"2020-08-31T13:58:47","slug":"gogo-front","status":"publish","type":"page","link":"https:\/\/thomaswillems.de\/moto\/","title":{"rendered":"Home"},"content":{"rendered":"\n<p><strong>Willkommen<\/strong><\/p>\n\n\n\n<p>Mit diesen Seiten wird kein besonderer Zweck verfolgt. Sie dienen als eine Art Tagebuch oder Fotoalbum, in das man ab und an mal gerne reinschaut <\/p>\n\n\n\n<p>Sollte sich jemand hierhin verirren und sich Fotos und Videos anschauen wollen, von mir aus, meinen Segen habt ihr. <\/p>\n\n\n\n<p>Zweiradkarriere &#8211; nach den ersten Anf\u00e4ngen in j\u00fcngsten Jahren mit Mofa und Moped, gab es die Unterbrechung wegen Auto, Finanzen, Frau und Kind, Arbeit und so weiter. <\/p>\n\n\n\n<p>21.06.2010 im zarten Alter von 46 hab ich dann den A gemacht und mein erstes Motorrad angeschafft. Ich bin also einer der typischen Sp\u00e4tberufenen, die sich gesagt haben, jetzt oder nie&#8230;<\/p>\n\n\n\n<p>Ich bin eher ein untypischer Tourenfahrer. Ich fahre sehr gerne, mach aber auch genauso gerne Pausen. Wenn ich einen tollen Pausenplatz sehe, dann mach ich da Pause. Auch wenn die letzte vielleicht erst eine halbe Stunde her ist.<\/p>\n\n\n\n<p>Ich fahre auch schon des\u00f6fteren irgendwelchen Schildern nach. Ob das eine Burg, ein Schloss, Aussichtsturm, See, Teich oder was auch immer ist.<\/p>\n\n\n\n<p>Daher bin ich oft alleine unterwegs. In der Gruppe ist es schwer, mal eben wieder an einem tollen Angelweiher eine Pause zu machen. Oder ein paar Kilometer einem Hinweis hinterherzufahren, nur um dann umzudrehen weils doch nicht so toll ist. Kommt vor, aber ohne einfach mal Probieren, h\u00e4tte ich schon einige sch\u00f6ne Pl\u00e4tze nicht gefunden.<\/p>\n\n\n\n<p>Und ich fahre gerne zu irgenwelchen Veranstaltungen. Supermoto, Wheels and Stones im Saarland, Oldtimerrennen in Luxemburg, Motorradrennen am N\u00fcrburgring, aber auch Traktorpulling oder Rasenm\u00e4herrennen in der Eifel.<\/p>\n\n\n\n<p>Fahren, Pause machen mit was anschauen, fahren\u2026<\/p>\n\n\n\n<p><a href=\"https:\/\/thomaswillems.de\/moto\/?page_id=483\">Wo ich bisher schon war&#8230;<\/a><\/p>\n","protected":false},"excerpt":{"rendered":"<p>Willkommen Mit diesen Seiten wird kein besonderer Zweck verfolgt. Sie dienen als eine Art Tagebuch oder Fotoalbum, in das man ab und an mal gerne reinschaut Sollte sich jemand hierhin verirren und sich Fotos und Videos anschauen wollen, von mir&#8230;<br \/><a class=\"read-more-button\" href=\"https:\/\/thomaswillems.de\/moto\/\">Read more<\/a><\/p>\n","protected":false},"author":1,"featured_media":0,"parent":0,"menu_order":0,"comment_status":"closed","ping_status":"closed","template":"","meta":{"ngg_post_thumbnail":0,"footnotes":""},"yoast_head":"<!-- This site is optimized with the Yoast SEO plugin v19.14 - https:\/\/yoast.com\/wordpress\/plugins\/seo\/ -->\n<title>Home - Thomas Willems MOTO<\/title>\n<meta name=\"robots\" content=\"noindex, follow, max-snippet:-1, max-image-preview:large, max-video-preview:-1\" \/>\n<meta property=\"og:locale\" content=\"de_DE\" \/>\n<meta property=\"og:type\" content=\"article\" \/>\n<meta property=\"og:title\" content=\"Home - Thomas Willems MOTO\" \/>\n<meta property=\"og:description\" content=\"Willkommen Mit diesen Seiten wird kein besonderer Zweck verfolgt. Sie dienen als eine Art Tagebuch oder Fotoalbum, in das man ab und an mal gerne reinschaut Sollte sich jemand hierhin verirren und sich Fotos und Videos anschauen wollen, von mir...Read more\" \/>\n<meta property=\"og:url\" content=\"https:\/\/thomaswillems.de\/moto\/\" \/>\n<meta property=\"og:site_name\" content=\"Thomas Willems MOTO\" \/>\n<meta property=\"article:modified_time\" content=\"2020-08-31T13:58:47+00:00\" \/>\n<meta name=\"twitter:card\" content=\"summary_large_image\" \/>\n<meta name=\"twitter:label1\" content=\"Gesch\u00e4tzte Lesezeit\" \/>\n\t<meta name=\"twitter:data1\" content=\"1 Minute\" \/>\n<script type=\"application\/ld+json\" class=\"yoast-schema-graph\">{\"@context\":\"https:\/\/schema.org\",\"@graph\":[{\"@type\":\"WebPage\",\"@id\":\"https:\/\/thomaswillems.de\/moto\/\",\"url\":\"https:\/\/thomaswillems.de\/moto\/\",\"name\":\"Home - Thomas Willems MOTO\",\"isPartOf\":{\"@id\":\"https:\/\/thomaswillems.de\/moto\/#website\"},\"datePublished\":\"2019-04-05T08:26:18+00:00\",\"dateModified\":\"2020-08-31T13:58:47+00:00\",\"breadcrumb\":{\"@id\":\"https:\/\/thomaswillems.de\/moto\/#breadcrumb\"},\"inLanguage\":\"de-DE\",\"potentialAction\":[{\"@type\":\"ReadAction\",\"target\":[\"https:\/\/thomaswillems.de\/moto\/\"]}]},{\"@type\":\"BreadcrumbList\",\"@id\":\"https:\/\/thomaswillems.de\/moto\/#breadcrumb\",\"itemListElement\":[{\"@type\":\"ListItem\",\"position\":1,\"name\":\"Home\",\"item\":\"https:\/\/thomaswillems.de\/moto\/\"},{\"@type\":\"ListItem\",\"position\":2,\"name\":\"Home\"}]},{\"@type\":\"WebSite\",\"@id\":\"https:\/\/thomaswillems.de\/moto\/#website\",\"url\":\"https:\/\/thomaswillems.de\/moto\/\",\"name\":\"Thomas Willems MOTO\",\"description\":\"\",\"publisher\":{\"@id\":\"https:\/\/thomaswillems.de\/moto\/#\/schema\/person\/2a305c0c00fce7e7fae0967163ca1fd9\"},\"potentialAction\":[{\"@type\":\"SearchAction\",\"target\":{\"@type\":\"EntryPoint\",\"urlTemplate\":\"https:\/\/thomaswillems.de\/moto\/?s={search_term_string}\"},\"query-input\":\"required name=search_term_string\"}],\"inLanguage\":\"de-DE\"},{\"@type\":[\"Person\",\"Organization\"],\"@id\":\"https:\/\/thomaswillems.de\/moto\/#\/schema\/person\/2a305c0c00fce7e7fae0967163ca1fd9\",\"name\":\"Tom\",\"image\":{\"@type\":\"ImageObject\",\"inLanguage\":\"de-DE\",\"@id\":\"https:\/\/thomaswillems.de\/moto\/#\/schema\/person\/image\/\",\"url\":\"https:\/\/thomaswillems.de\/moto\/wp-content\/uploads\/2020\/08\/cropped-header02.png\",\"contentUrl\":\"https:\/\/thomaswillems.de\/moto\/wp-content\/uploads\/2020\/08\/cropped-header02.png\",\"width\":483,\"height\":38,\"caption\":\"Tom\"},\"logo\":{\"@id\":\"https:\/\/thomaswillems.de\/moto\/#\/schema\/person\/image\/\"}}]}<\/script>\n<!-- \/ Yoast SEO plugin. -->","yoast_head_json":{"title":"Home - Thomas Willems MOTO","robots":{"index":"noindex","follow":"follow","max-snippet":"max-snippet:-1","max-image-preview":"max-image-preview:large","max-video-preview":"max-video-preview:-1"},"og_locale":"de_DE","og_type":"article","og_title":"Home - Thomas Willems MOTO","og_description":"Willkommen Mit diesen Seiten wird kein besonderer Zweck verfolgt. Sie dienen als eine Art Tagebuch oder Fotoalbum, in das man ab und an mal gerne reinschaut Sollte sich jemand hierhin verirren und sich Fotos und Videos anschauen wollen, von mir...Read more","og_url":"https:\/\/thomaswillems.de\/moto\/","og_site_name":"Thomas Willems MOTO","article_modified_time":"2020-08-31T13:58:47+00:00","twitter_card":"summary_large_image","twitter_misc":{"Gesch\u00e4tzte Lesezeit":"1 Minute"},"schema":{"@context":"https:\/\/schema.org","@graph":[{"@type":"WebPage","@id":"https:\/\/thomaswillems.de\/moto\/","url":"https:\/\/thomaswillems.de\/moto\/","name":"Home - Thomas Willems MOTO","isPartOf":{"@id":"https:\/\/thomaswillems.de\/moto\/#website"},"datePublished":"2019-04-05T08:26:18+00:00","dateModified":"2020-08-31T13:58:47+00:00","breadcrumb":{"@id":"https:\/\/thomaswillems.de\/moto\/#breadcrumb"},"inLanguage":"de-DE","potentialAction":[{"@type":"ReadAction","target":["https:\/\/thomaswillems.de\/moto\/"]}]},{"@type":"BreadcrumbList","@id":"https:\/\/thomaswillems.de\/moto\/#breadcrumb","itemListElement":[{"@type":"ListItem","position":1,"name":"Home","item":"https:\/\/thomaswillems.de\/moto\/"},{"@type":"ListItem","position":2,"name":"Home"}]},{"@type":"WebSite","@id":"https:\/\/thomaswillems.de\/moto\/#website","url":"https:\/\/thomaswillems.de\/moto\/","name":"Thomas Willems MOTO","description":"","publisher":{"@id":"https:\/\/thomaswillems.de\/moto\/#\/schema\/person\/2a305c0c00fce7e7fae0967163ca1fd9"},"potentialAction":[{"@type":"SearchAction","target":{"@type":"EntryPoint","urlTemplate":"https:\/\/thomaswillems.de\/moto\/?s={search_term_string}"},"query-input":"required name=search_term_string"}],"inLanguage":"de-DE"},{"@type":["Person","Organization"],"@id":"https:\/\/thomaswillems.de\/moto\/#\/schema\/person\/2a305c0c00fce7e7fae0967163ca1fd9","name":"Tom","image":{"@type":"ImageObject","inLanguage":"de-DE","@id":"https:\/\/thomaswillems.de\/moto\/#\/schema\/person\/image\/","url":"https:\/\/thomaswillems.de\/moto\/wp-content\/uploads\/2020\/08\/cropped-header02.png","contentUrl":"https:\/\/thomaswillems.de\/moto\/wp-content\/uploads\/2020\/08\/cropped-header02.png","width":483,"height":38,"caption":"Tom"},"logo":{"@id":"https:\/\/thomaswillems.de\/moto\/#\/schema\/person\/image\/"}}]}},"_links":{"self":[{"href":"https:\/\/thomaswillems.de\/moto\/index.php?rest_route=\/wp\/v2\/pages\/9"}],"collection":[{"href":"https:\/\/thomaswillems.de\/moto\/index.php?rest_route=\/wp\/v2\/pages"}],"about":[{"href":"https:\/\/thomaswillems.de\/moto\/index.php?rest_route=\/wp\/v2\/types\/page"}],"author":[{"embeddable":true,"href":"https:\/\/thomaswillems.de\/moto\/index.php?rest_route=\/wp\/v2\/users\/1"}],"replies":[{"embeddable":true,"href":"https:\/\/thomaswillems.de\/moto\/index.php?rest_route=%2Fwp%2Fv2%2Fcomments&post=9"}],"version-history":[{"count":18,"href":"https:\/\/thomaswillems.de\/moto\/index.php?rest_route=\/wp\/v2\/pages\/9\/revisions"}],"predecessor-version":[{"id":870,"href":"https:\/\/thomaswillems.de\/moto\/index.php?rest_route=\/wp\/v2\/pages\/9\/revisions\/870"}],"wp:attachment":[{"href":"https:\/\/thomaswillems.de\/moto\/index.php?rest_route=%2Fwp%2Fv2%2Fmedia&parent=9"}],"curies":[{"name":"wp","href":"https:\/\/api.w.org\/{rel}","templated":true}]}}