{"id":518,"date":"2023-02-01T10:35:01","date_gmt":"2023-02-01T09:35:01","guid":{"rendered":"https:\/\/thomaswillems.de\/mtb\/?page_id=518"},"modified":"2025-10-08T18:35:58","modified_gmt":"2025-10-08T16:35:58","slug":"bikes","status":"publish","type":"page","link":"https:\/\/thomaswillems.de\/mtb\/index.php\/bikes\/","title":{"rendered":"Bikes"},"content":{"rendered":"\n<p><strong><mark style=\"background-color:rgba(0, 0, 0, 0)\" class=\"has-inline-color has-black-color\">TOMs Bikes<\/mark><\/strong><\/p>\n\n\n\n<p><strong>07.09.2021 NCM Moscow Plus<\/strong><\/p>\n\n\n\n<p>Einstieg in die Welt der E-Bikes. Rechts original direkt nach dem Auspacken. Links hab ich die Logos und die vielen blauen Aufkleber entfernt bzw. schwarz foliert und das Rad IronHorse genannt.<\/p>\n\n\n\n<figure class=\"wp-block-gallery has-nested-images columns-default is-cropped wp-block-gallery-1 is-layout-flex wp-block-gallery-is-layout-flex\">\n<figure class=\"wp-block-image size-large\"><img loading=\"lazy\" decoding=\"async\" width=\"1024\" height=\"769\" data-id=\"519\" src=\"https:\/\/thomaswillems.de\/mtb\/wp-content\/uploads\/2023\/02\/NCM-Moscow-ironhorse-1024x769.jpg\" alt=\"\" class=\"wp-image-519\" srcset=\"https:\/\/thomaswillems.de\/mtb\/wp-content\/uploads\/2023\/02\/NCM-Moscow-ironhorse-1024x769.jpg 1024w, https:\/\/thomaswillems.de\/mtb\/wp-content\/uploads\/2023\/02\/NCM-Moscow-ironhorse-300x225.jpg 300w, https:\/\/thomaswillems.de\/mtb\/wp-content\/uploads\/2023\/02\/NCM-Moscow-ironhorse-768x577.jpg 768w, https:\/\/thomaswillems.de\/mtb\/wp-content\/uploads\/2023\/02\/NCM-Moscow-ironhorse-1536x1153.jpg 1536w, https:\/\/thomaswillems.de\/mtb\/wp-content\/uploads\/2023\/02\/NCM-Moscow-ironhorse.jpg 1585w\" sizes=\"auto, (max-width: 1024px) 100vw, 1024px\" \/><\/figure>\n\n\n\n<figure class=\"wp-block-image size-large\"><img loading=\"lazy\" decoding=\"async\" width=\"1024\" height=\"768\" data-id=\"520\" src=\"https:\/\/thomaswillems.de\/mtb\/wp-content\/uploads\/2023\/02\/NCM-Moscow-1024x768.jpg\" alt=\"\" class=\"wp-image-520\" srcset=\"https:\/\/thomaswillems.de\/mtb\/wp-content\/uploads\/2023\/02\/NCM-Moscow-1024x768.jpg 1024w, https:\/\/thomaswillems.de\/mtb\/wp-content\/uploads\/2023\/02\/NCM-Moscow-300x225.jpg 300w, https:\/\/thomaswillems.de\/mtb\/wp-content\/uploads\/2023\/02\/NCM-Moscow-768x576.jpg 768w, https:\/\/thomaswillems.de\/mtb\/wp-content\/uploads\/2023\/02\/NCM-Moscow-1536x1152.jpg 1536w, https:\/\/thomaswillems.de\/mtb\/wp-content\/uploads\/2023\/02\/NCM-Moscow.jpg 1663w\" sizes=\"auto, (max-width: 1024px) 100vw, 1024px\" \/><\/figure>\n<\/figure>\n\n\n\n<p><\/p>\n\n\n\n<p><strong>11.07.2022  FOCUS Thron2 6.8<\/strong><\/p>\n\n\n\n<p>Nach \u00fcber 2000 km mit dem NCM, leichte Aufr\u00fcstung auf das Thron2. Nur Kleinigkeiten ge\u00e4ndert. Sattel, Griffe, Pedale, Schutzbleche und Licht. In der Saison 2022 noch gut 2500 km gefahren und sehr zufrieden mit dem Rad. Im Sommer 2024 nach \u00fcber 7500 km mit dem Thron2 erneut leichte Aufr\u00fcstung&#8230;<\/p>\n\n\n\n<figure class=\"wp-block-gallery has-nested-images columns-default is-cropped wp-block-gallery-2 is-layout-flex wp-block-gallery-is-layout-flex\">\n<figure class=\"wp-block-image size-large\"><img loading=\"lazy\" decoding=\"async\" width=\"1024\" height=\"769\" data-id=\"522\" src=\"https:\/\/thomaswillems.de\/mtb\/wp-content\/uploads\/2023\/02\/Focus-Thron2-68-112023-1024x769.jpg\" alt=\"\" class=\"wp-image-522\" srcset=\"https:\/\/thomaswillems.de\/mtb\/wp-content\/uploads\/2023\/02\/Focus-Thron2-68-112023-1024x769.jpg 1024w, https:\/\/thomaswillems.de\/mtb\/wp-content\/uploads\/2023\/02\/Focus-Thron2-68-112023-300x225.jpg 300w, https:\/\/thomaswillems.de\/mtb\/wp-content\/uploads\/2023\/02\/Focus-Thron2-68-112023-768x577.jpg 768w, https:\/\/thomaswillems.de\/mtb\/wp-content\/uploads\/2023\/02\/Focus-Thron2-68-112023-1536x1153.jpg 1536w, https:\/\/thomaswillems.de\/mtb\/wp-content\/uploads\/2023\/02\/Focus-Thron2-68-112023.jpg 1585w\" sizes=\"auto, (max-width: 1024px) 100vw, 1024px\" \/><\/figure>\n\n\n\n<figure class=\"wp-block-image size-large\"><img loading=\"lazy\" decoding=\"async\" width=\"768\" height=\"1024\" data-id=\"521\" src=\"https:\/\/thomaswillems.de\/mtb\/wp-content\/uploads\/2023\/02\/Focus-Thron2-68-cockpit-768x1024.jpg\" alt=\"\" class=\"wp-image-521\" srcset=\"https:\/\/thomaswillems.de\/mtb\/wp-content\/uploads\/2023\/02\/Focus-Thron2-68-cockpit-768x1023.jpg 768w, https:\/\/thomaswillems.de\/mtb\/wp-content\/uploads\/2023\/02\/Focus-Thron2-68-cockpit-225x300.jpg 225w, https:\/\/thomaswillems.de\/mtb\/wp-content\/uploads\/2023\/02\/Focus-Thron2-68-cockpit.jpg 893w\" sizes=\"auto, (max-width: 768px) 100vw, 768px\" \/><\/figure>\n\n\n\n<figure class=\"wp-block-image size-large\"><img loading=\"lazy\" decoding=\"async\" width=\"1024\" height=\"769\" data-id=\"524\" src=\"https:\/\/thomaswillems.de\/mtb\/wp-content\/uploads\/2023\/02\/Focus-Thron2-68-matsch-1024x769.jpg\" alt=\"\" class=\"wp-image-524\" srcset=\"https:\/\/thomaswillems.de\/mtb\/wp-content\/uploads\/2023\/02\/Focus-Thron2-68-matsch-1024x769.jpg 1024w, https:\/\/thomaswillems.de\/mtb\/wp-content\/uploads\/2023\/02\/Focus-Thron2-68-matsch-300x225.jpg 300w, https:\/\/thomaswillems.de\/mtb\/wp-content\/uploads\/2023\/02\/Focus-Thron2-68-matsch-768x577.jpg 768w, https:\/\/thomaswillems.de\/mtb\/wp-content\/uploads\/2023\/02\/Focus-Thron2-68-matsch-1536x1153.jpg 1536w, https:\/\/thomaswillems.de\/mtb\/wp-content\/uploads\/2023\/02\/Focus-Thron2-68-matsch.jpg 1585w\" sizes=\"auto, (max-width: 1024px) 100vw, 1024px\" \/><\/figure>\n\n\n\n<figure class=\"wp-block-image size-large\"><img loading=\"lazy\" decoding=\"async\" width=\"1024\" height=\"768\" data-id=\"523\" src=\"https:\/\/thomaswillems.de\/mtb\/wp-content\/uploads\/2023\/02\/Focus-Thron2-68-1024x768.jpg\" alt=\"\" class=\"wp-image-523\" srcset=\"https:\/\/thomaswillems.de\/mtb\/wp-content\/uploads\/2023\/02\/Focus-Thron2-68-1024x768.jpg 1024w, https:\/\/thomaswillems.de\/mtb\/wp-content\/uploads\/2023\/02\/Focus-Thron2-68-300x225.jpg 300w, https:\/\/thomaswillems.de\/mtb\/wp-content\/uploads\/2023\/02\/Focus-Thron2-68-768x576.jpg 768w, https:\/\/thomaswillems.de\/mtb\/wp-content\/uploads\/2023\/02\/Focus-Thron2-68-1536x1152.jpg 1536w, https:\/\/thomaswillems.de\/mtb\/wp-content\/uploads\/2023\/02\/Focus-Thron2-68.jpg 1587w\" sizes=\"auto, (max-width: 1024px) 100vw, 1024px\" \/><\/figure>\n<\/figure>\n\n\n\n<p><\/p>\n\n\n\n<p><strong>20.08.2024 Cannondale Moterra Neo Carbon LT2<\/strong><\/p>\n\n\n\n<figure class=\"wp-block-image size-large\"><img loading=\"lazy\" decoding=\"async\" width=\"1024\" height=\"769\" src=\"https:\/\/thomaswillems.de\/mtb\/wp-content\/uploads\/2024\/10\/IMG_20240917_151249-1024x769.jpg\" alt=\"\" class=\"wp-image-981\" srcset=\"https:\/\/thomaswillems.de\/mtb\/wp-content\/uploads\/2024\/10\/IMG_20240917_151249-1024x769.jpg 1024w, https:\/\/thomaswillems.de\/mtb\/wp-content\/uploads\/2024\/10\/IMG_20240917_151249-300x225.jpg 300w, https:\/\/thomaswillems.de\/mtb\/wp-content\/uploads\/2024\/10\/IMG_20240917_151249-768x577.jpg 768w, https:\/\/thomaswillems.de\/mtb\/wp-content\/uploads\/2024\/10\/IMG_20240917_151249-1536x1153.jpg 1536w, https:\/\/thomaswillems.de\/mtb\/wp-content\/uploads\/2024\/10\/IMG_20240917_151249-1170x879.jpg 1170w, https:\/\/thomaswillems.de\/mtb\/wp-content\/uploads\/2024\/10\/IMG_20240917_151249.jpg 1614w\" sizes=\"auto, (max-width: 1024px) 100vw, 1024px\" \/><\/figure>\n\n\n\n<p>Entscheidend war das deutlich bessere Fahrwerk des Moterra mit 170 mm Federweg und besseren Komponenten, im Vergleich zum Thron2 mit 130 mm und recht g\u00fcnstigen Komponenten. Das Moterra f\u00e4hrt sich nochmal deutlich besser. <\/p>\n\n\n\n<p>Rote Griffe und rote Pedale sind dran gekommen und im Winter 24\/25 wurde auf tubeless umgebaut. Desweiteren der Antrieb komplett auf XT umgebaut &#8211; Schalter, Kassette, Kette auf XT getauscht. Die originalen SLX Kassette und Kette sind zum Thron2 gewandert. Mit den Code R Bremsen war ich nicht ganz gl\u00fccklich. Nach 750 km die originalen metallischen Bel\u00e4ge gegen semi metallisch getauscht und gleich eine bessere Bremse dadurch erhalten. <\/p>\n\n\n\n<p>Die Code und ich wurden nicht wirklich beste Freunde, daher im Sommer 2025 gegen eine XT Bremse getauscht. War eine gute Idee und gute Wahl!<\/p>\n\n\n\n<figure class=\"wp-block-image size-large\"><img loading=\"lazy\" decoding=\"async\" width=\"1024\" height=\"769\" src=\"https:\/\/thomaswillems.de\/mtb\/wp-content\/uploads\/2025\/03\/IMG_20241223_173539-1024x769.jpg\" alt=\"\" class=\"wp-image-1123\" srcset=\"https:\/\/thomaswillems.de\/mtb\/wp-content\/uploads\/2025\/03\/IMG_20241223_173539-1024x769.jpg 1024w, https:\/\/thomaswillems.de\/mtb\/wp-content\/uploads\/2025\/03\/IMG_20241223_173539-300x225.jpg 300w, https:\/\/thomaswillems.de\/mtb\/wp-content\/uploads\/2025\/03\/IMG_20241223_173539-768x577.jpg 768w, https:\/\/thomaswillems.de\/mtb\/wp-content\/uploads\/2025\/03\/IMG_20241223_173539-1536x1154.jpg 1536w, https:\/\/thomaswillems.de\/mtb\/wp-content\/uploads\/2025\/03\/IMG_20241223_173539-1170x879.jpg 1170w, https:\/\/thomaswillems.de\/mtb\/wp-content\/uploads\/2025\/03\/IMG_20241223_173539.jpg 1611w\" sizes=\"auto, (max-width: 1024px) 100vw, 1024px\" \/><\/figure>\n\n\n\n<p><strong>MARITAs Bikes<\/strong><\/p>\n\n\n\n<p><strong>04.2021<\/strong><\/p>\n\n\n\n<p>Univega Alpina B Sky<\/p>\n\n\n\n<figure class=\"wp-block-image size-large is-resized\"><img loading=\"lazy\" decoding=\"async\" width=\"1024\" height=\"769\" src=\"https:\/\/thomaswillems.de\/mtb\/wp-content\/uploads\/2023\/04\/Univega-1024x769.jpg\" alt=\"\" class=\"wp-image-614\" srcset=\"https:\/\/thomaswillems.de\/mtb\/wp-content\/uploads\/2023\/04\/Univega-1024x769.jpg 1024w, https:\/\/thomaswillems.de\/mtb\/wp-content\/uploads\/2023\/04\/Univega-300x225.jpg 300w, https:\/\/thomaswillems.de\/mtb\/wp-content\/uploads\/2023\/04\/Univega-768x577.jpg 768w, https:\/\/thomaswillems.de\/mtb\/wp-content\/uploads\/2023\/04\/Univega.jpg 1418w\" sizes=\"auto, (max-width: 1024px) 100vw, 1024px\" \/><\/figure>\n\n\n\n<p><strong>06.12.2022<\/strong><\/p>\n\n\n\n<p><strong>Cube Stereo Hybrid 160S<\/strong><\/p>\n\n\n\n<figure class=\"wp-block-image size-large\"><img loading=\"lazy\" decoding=\"async\" width=\"1024\" height=\"769\" src=\"https:\/\/thomaswillems.de\/mtb\/wp-content\/uploads\/2023\/04\/Cube-Stereo-Hybrid-160S-1024x769.jpg\" alt=\"\" class=\"wp-image-615\" srcset=\"https:\/\/thomaswillems.de\/mtb\/wp-content\/uploads\/2023\/04\/Cube-Stereo-Hybrid-160S-1024x769.jpg 1024w, https:\/\/thomaswillems.de\/mtb\/wp-content\/uploads\/2023\/04\/Cube-Stereo-Hybrid-160S-300x225.jpg 300w, https:\/\/thomaswillems.de\/mtb\/wp-content\/uploads\/2023\/04\/Cube-Stereo-Hybrid-160S-768x577.jpg 768w, https:\/\/thomaswillems.de\/mtb\/wp-content\/uploads\/2023\/04\/Cube-Stereo-Hybrid-160S.jpg 1418w\" sizes=\"auto, (max-width: 1024px) 100vw, 1024px\" \/><\/figure>\n\n\n\n<p>F\u00fcr 2022 ein echtes Schn\u00e4ppchen gemacht. 2022 waren die Bikes alle noch extrem teuer. Ein Cube Shop hatte das 160er weit reduziert und wir dann zugeschlagen. Ge\u00e4ndert wurde nicht viel, Sattel und Griffe ersetzt. Licht, St\u00e4nder und kleine Schmutzf\u00e4nger installiert.<\/p>\n\n\n\n<p><strong>TOMs Reifen<\/strong><\/p>\n\n\n\n<p>NCM Moscow OEM Bereifung Schwalbe Smart Sam. <\/p>\n\n\n\n<p>OK f\u00fcr den allerersten Anfang auf Radwegen und guten Waldstrecken. Erste leichte Offroad Fahrten ergeben 3 Plattf\u00fcsse auf 300km. <\/p>\n\n\n\n<p>ERSATZ Schwalbe Smart Sam PLUS<\/p>\n\n\n\n<p>Erh\u00f6hte Pannensicherheit, keine Platten mehr, f\u00fcr den Anfang ausreichend.<\/p>\n\n\n\n<p>FOCUS Thron2 OEM Bereifung Maxxis Minion DHF<\/p>\n\n\n\n<p>Mehr Grip aber auch schwerg\u00e4ngig und laut. Das Rad kam mir vor wie ein schwerer Milit\u00e4rLKW und war auch so laut auf Asphalt. Dran gew\u00e4hnt und den Satz runtergefahren nach ca. 2500 km.<\/p>\n\n\n\n<p>ERSATZ Michelin E-Wild &#8211; deutlich agiler, laufruhiger und weniger Rollwiderstand, aber mit gutem Grip im Wald und im Matsch. Bin sehr zufrieden bisher. Das Rad f\u00fchlt sich komplett anders an &#8211; leichter, flotter, leiser. Bei jetzt weit \u00fcber 8000 km sind noch immer die Michelin drauf. Vorne noch der erste, hinten bereits der dritte Reifen.<\/p>\n\n\n\n<p>Cannondale Moterra OEM Bereifung Maxxis Assegai 29&#215;2.6 und Minion DHR 27,5&#215;2.6<\/p>\n\n\n\n<p>Wie beim Thron sind die laut und schwerg\u00e4ngig. Gef\u00fchlt fressen die mir den Akku flott leer. Da das Thron2 aber noch als &#8222;Tourenbike&#8220; bleibt und die Maxxis im Gel\u00e4nde wirklich gut sind, bleibt es erstmal dabei.<\/p>\n\n\n\n<p>Der Assegai vorne ist nach \u00fcber 2000 km noch sehr gut. Hinten kam 08 2025 ein Maxxis Dissector 27,5\u00d72.6 drauf. L\u00e4uft leiser und gef\u00fchlt ein klein wenig leichter als der Minion.<\/p>\n\n\n\n<p><strong>MARITAs Reifen<\/strong><\/p>\n\n\n\n<p>Univega OEM Schwalbe Smart Sam &#8211; siehe oben<\/p>\n\n\n\n<p>ERSATZ Schwalbe Smart Sam PLUS<\/p>\n\n\n\n<p>CUBE kam auf MAXXIS Assegai und Minion DHR II &#8211; super Reifen wenn man extreme Trails f\u00e4hrt, nicht so toll auf Radwegen etc&#8230;<\/p>\n\n\n\n<p>ERSATZ Conti eRubanPLUS &#8211; ausreichend Grip im Wald und stark sp\u00fcrbare bessere Rolleigenschaften auf befestigten Wegen.<\/p>\n\n\n\n<p>Die nicht tubelessf\u00e4higen Drahtreifen von Conti kamen im Winter 24\/25 runter. Montiert wurden tubeless Schwalbe Hans Dampf. Mal sehen wie die sich bew\u00e4hren&#8230;<\/p>\n","protected":false},"excerpt":{"rendered":"<p>TOMs Bikes 07.09.2021 NCM Moscow Plus Einstieg in die Welt der E-Bikes. Rechts original direkt nach dem Auspacken. Links hab ich die Logos und die vielen blauen Aufkleber entfernt bzw. schwarz foliert und das Rad IronHorse genannt. 11.07.2022 FOCUS Thron2&#8230;<br \/><a class=\"read-more-button\" href=\"https:\/\/thomaswillems.de\/mtb\/index.php\/bikes\/\">Read more<\/a><\/p>\n","protected":false},"author":1,"featured_media":0,"parent":0,"menu_order":0,"comment_status":"closed","ping_status":"closed","template":"","meta":{"ngg_post_thumbnail":0,"footnotes":""},"class_list":["post-518","page","type-page","status-publish","hentry"],"_links":{"self":[{"href":"https:\/\/thomaswillems.de\/mtb\/index.php\/wp-json\/wp\/v2\/pages\/518","targetHints":{"allow":["GET"]}}],"collection":[{"href":"https:\/\/thomaswillems.de\/mtb\/index.php\/wp-json\/wp\/v2\/pages"}],"about":[{"href":"https:\/\/thomaswillems.de\/mtb\/index.php\/wp-json\/wp\/v2\/types\/page"}],"author":[{"embeddable":true,"href":"https:\/\/thomaswillems.de\/mtb\/index.php\/wp-json\/wp\/v2\/users\/1"}],"replies":[{"embeddable":true,"href":"https:\/\/thomaswillems.de\/mtb\/index.php\/wp-json\/wp\/v2\/comments?post=518"}],"version-history":[{"count":20,"href":"https:\/\/thomaswillems.de\/mtb\/index.php\/wp-json\/wp\/v2\/pages\/518\/revisions"}],"predecessor-version":[{"id":1210,"href":"https:\/\/thomaswillems.de\/mtb\/index.php\/wp-json\/wp\/v2\/pages\/518\/revisions\/1210"}],"wp:attachment":[{"href":"https:\/\/thomaswillems.de\/mtb\/index.php\/wp-json\/wp\/v2\/media?parent=518"}],"curies":[{"name":"wp","href":"https:\/\/api.w.org\/{rel}","templated":true}]}}